{"id":3491,"date":"2024-09-19T15:19:11","date_gmt":"2024-09-19T13:19:11","guid":{"rendered":"https:\/\/prolightafrica.org\/gestion-narrative\/securite-communication-et-developpement\/"},"modified":"2026-03-24T15:18:58","modified_gmt":"2026-03-24T14:18:58","slug":"securite-communication-et-developpement","status":"publish","type":"page","link":"https:\/\/prolightafrica.org\/fr\/gestion-narrative\/securite-communication-et-developpement\/","title":{"rendered":"Piliers de la s\u00e9curit\u00e9, de la communication et du d\u00e9veloppement"},"content":{"rendered":"\n<figure class=\"wp-block-image size-large\"><img decoding=\"async\" width=\"1920\" height=\"1440\" src=\"https:\/\/prolightafrica.org\/wp-content\/uploads\/\/img_2360-1920x1440.jpeg\" alt=\"Groupe d'hommes &#xE0; Tamale, Ghana\" class=\"wp-image-3037\" srcset=\"https:\/\/prolightafrica.org\/wp-content\/uploads\/img_2360-1920x1440.jpeg 1920w, https:\/\/prolightafrica.org\/wp-content\/uploads\/img_2360-768x576.jpeg 768w, https:\/\/prolightafrica.org\/wp-content\/uploads\/img_2360-1536x1152.jpeg 1536w, https:\/\/prolightafrica.org\/wp-content\/uploads\/img_2360.jpeg 2048w\" sizes=\"(max-width: 1920px) 100vw, 1920px\" \/><\/figure>\n\n<p>La <strong>s\u00e9curit\u00e9<\/strong>: L&rsquo;initiative NAMA4PD vise \u00e0 stabiliser les r\u00e9gions sujettes aux conflits en contrant la propagande et la d\u00e9sinformation qui exploitent les divisions locales. L&rsquo;initiative collabore avec les acteurs de la s\u00e9curit\u00e9 pour pr\u00e9venir la violence et maintenir la paix. <\/p>\n\n<p>La <strong>communication<\/strong>: L&rsquo;\u00e9l\u00e9ment central du programme est le renforcement des r\u00e9seaux de communication afin d&rsquo;accro\u00eetre la r\u00e9silience face aux r\u00e9cits qui s\u00e8ment la discorde. Il forme les groupes locaux \u00e0 l&rsquo;\u00e9ducation aux m\u00e9dias, leur donnant les moyens de reconna\u00eetre et de combattre la d\u00e9sinformation. <\/p>\n\n<p>Le <strong>d\u00e9veloppement<\/strong>: Le d\u00e9veloppement \u00e9conomique et social est essentiel. En encourageant les partenariats locaux et internationaux, l&rsquo;AMNA4PD int\u00e8gre la consolidation de la paix aux initiatives de d\u00e9veloppement durable afin de garantir une stabilit\u00e9 \u00e0 long terme. <\/p>\n<div class=\"wp-block-image \">\n<figure class=\"alignleft is-resized\"><a href=\"https:\/\/prolightafrica.org\/wp-content\/uploads\/2024\/08\/NM-Group-Foto-WS-Gambia.jpg\"><img decoding=\"async\" src=\"https:\/\/prolightafrica.org\/wp-content\/uploads\/2024\/08\/NM-Group-Foto-WS-Gambia.jpg\" alt=\"Photo des participants &#xE0; l'atelier\" class=\"wp-image-248\" style=\"width:400px\"\/><\/a><\/figure>\n<\/div>\n<h2 class=\"wp-block-heading\"><strong>Int\u00e9grer<\/strong><\/h2>\n\n<p>L&rsquo;un des premiers objectifs de NAMA4PD est d&rsquo;int\u00e9grer le plus grand nombre possible d&rsquo;acteurs de l&rsquo;architecture internationale de s\u00e9curit\u00e9 et de d\u00e9veloppement afin de les sensibiliser \u00e0 cette dimension de communication particuli\u00e8rement pertinente, de les impliquer dans les activit\u00e9s de NM et d&rsquo;\u00e9viter que les projets ne se contrecarrent ou ne fassent double emploi.<\/p>\n\n<h2 class=\"wp-block-heading\"><strong>Renforcer la communication<\/strong><\/h2>\n\n<p>Un deuxi\u00e8me objectif est donc de mieux comprendre et de renforcer la communication entre les citoyens et les autres acteurs concern\u00e9s dans les r\u00e9gions vuln\u00e9rables : Apr\u00e8s une collecte de donn\u00e9es scientifiques, un concept de formation sera d\u00e9velopp\u00e9 et mis en \u0153uvre pour permettre aux journalistes, aux citoyens et aux autres acteurs concern\u00e9s de reconna\u00eetre la propagande et la d\u00e9sinformation et de trouver et diffuser des informations fiables dans leurs r\u00e9seaux de communication personnels.<\/p>\n\n<h2 class=\"wp-block-heading\"><strong>Promotion de la coh\u00e9sion sociale<\/strong><\/h2>\n<div class=\"wp-block-image \">\n<figure class=\"alignright is-resized\"><a href=\"https:\/\/prolightafrica.org\/wp-content\/uploads\/2024\/08\/NAMA4PD-Group-scaled.jpg\"><img decoding=\"async\" src=\"https:\/\/prolightafrica.org\/wp-content\/uploads\/2024\/08\/NAMA4PD-Group-scaled.jpg\" alt=\"Groupe de participants &#xE0; l'atelier NAMA4PD au S&#xE9;n&#xE9;gal\" class=\"wp-image-549\" style=\"width:400px\"\/><\/a><\/figure>\n<\/div>\n<p>Le troisi\u00e8me axe du concept porte sur la perception individuelle des perspectives et leur d\u00e9veloppement, notamment pour la jeune g\u00e9n\u00e9ration. La promotion de la coh\u00e9sion sociale et de la participation est primordiale pour le d\u00e9veloppement des perspectives, car la participation active est essentielle pour r\u00e9duire le d\u00e9sespoir et les ph\u00e9nom\u00e8nes de division, et donc pour contrecarrer le d\u00e9veloppement des conditions pr\u00e9alables \u00e0 la crise r\u00e9gionale.  La communication sera ici aussi un \u00e9l\u00e9ment essentiel pour mod\u00e9rer les attentes et donner acc\u00e8s \u00e0 des informations fiables provenant de r\u00e9seaux de mentors respect\u00e9s, exp\u00e9riment\u00e9s et explicitement jeunes, afin d&rsquo;orienter les perspectives individuelles.<\/p>\n\n<p>Une orientation qui aide les jeunes particuli\u00e8rement instruits \u00e0 mieux \u00e9valuer leur propre situation et, conscients de leurs propres capacit\u00e9s, \u00e0 \u00e9laborer des strat\u00e9gies appropri\u00e9es pour l&rsquo;am\u00e9liorer. Des mesures de soutien sp\u00e9cifiques pour les femmes comprennent la participation \u00e0 des r\u00e9seaux de gestion des r\u00e9cits. Cela se fait par le biais de divers programmes tels que le mentorat, le coaching, la formation et les camps de d\u00e9marrage.<\/p>\n<div class=\"wp-block-image \">\n<figure class=\"alignleft is-resized\"><a href=\"https:\/\/prolightafrica.org\/wp-content\/uploads\/2024\/08\/Common-Effort-Logo_no-motto.png\"><img decoding=\"async\" src=\"https:\/\/prolightafrica.org\/wp-content\/uploads\/2024\/08\/Common-Effort-Logo_no-motto.png\" alt=\"Logo de la communaut&#xE9; de l'effort commun\" class=\"wp-image-550\" style=\"aspect-ratio:1;object-fit:cover;width:300px\"\/><\/a><\/figure>\n<\/div>\n<h2 class=\"wp-block-heading\"><strong>Common Effort Community<\/strong><\/h2>\n\n<p>Pour l&rsquo;AMNA4PD, un r\u00e9seau bien \u00e9tabli et de confiance dans le domaine du d\u00e9veloppement et de la s\u00e9curit\u00e9, de la communication et du d\u00e9veloppement des perspectives est le fondement et le support de toutes les activit\u00e9s. Le mod\u00e8le de ce r\u00e9seau est la <strong><a href=\"https:\/\/common-effort.org\/\" target=\"_blank\" rel=\"noreferrer noopener\">Communaut\u00e9 de l&rsquo;effort commun<\/a><\/strong>Fond\u00e9e en 2010 par le German\/Netherlands Corps, elle comprend actuellement plus de 60 organisations civiles, militaires, gouvernementales et non gouvernementales, principalement d&rsquo;Allemagne et des Pays-Bas, et se concentre sur la coop\u00e9ration civilo-militaire et la <strong>mise en \u0153uvre pratique de l&rsquo;<a href=\"https:\/\/www.zif-berlin.org\/en\/comprehensive-approach\" target=\"_blank\" rel=\"noreferrer noopener\">approche en r\u00e9seau (approche int\u00e9gr\u00e9e)<\/a><\/strong>.  Le concept NAMA4PD s&rsquo;est d\u00e9velopp\u00e9 au cours des trois derni\u00e8res ann\u00e9es et lors de nombreux ateliers de la Communaut\u00e9 d&rsquo;effort commun, avec la participation des minist\u00e8res BMVg, AA et BMZ.<\/p>\n","protected":false},"excerpt":{"rendered":"<p>La s\u00e9curit\u00e9: L&rsquo;initiative NAMA4PD vise \u00e0 stabiliser les r\u00e9gions sujettes aux conflits en contrant la propagande et la d\u00e9sinformation qui exploitent les divisions locales. L&rsquo;initiative collabore avec les acteurs de la s\u00e9curit\u00e9 pour pr\u00e9venir la violence et maintenir la paix. La communication: L&rsquo;\u00e9l\u00e9ment central du programme est le renforcement des r\u00e9seaux de communication afin d&rsquo;accro\u00eetre [&hellip;]<\/p>\n","protected":false},"author":2,"featured_media":2494,"parent":2149,"menu_order":0,"comment_status":"closed","ping_status":"closed","template":"","meta":{"_seopress_robots_primary_cat":"","_seopress_titles_title":"Renforcer la s\u00e9curit\u00e9 et le d\u00e9veloppement par l'NAMA4PD","_seopress_titles_desc":"La NAMA4PD stabilise les r\u00e9gions par la s\u00e9curit\u00e9, la communication et le d\u00e9veloppement, en luttant contre la propagande et en pr\u00e9venant la violence.","_seopress_robots_index":"","iawp_total_views":23,"footnotes":""},"class_list":["post-3491","page","type-page","status-publish","has-post-thumbnail"],"_links":{"self":[{"href":"https:\/\/prolightafrica.org\/fr\/wp-json\/wp\/v2\/pages\/3491","targetHints":{"allow":["GET"]}}],"collection":[{"href":"https:\/\/prolightafrica.org\/fr\/wp-json\/wp\/v2\/pages"}],"about":[{"href":"https:\/\/prolightafrica.org\/fr\/wp-json\/wp\/v2\/types\/page"}],"author":[{"embeddable":true,"href":"https:\/\/prolightafrica.org\/fr\/wp-json\/wp\/v2\/users\/2"}],"replies":[{"embeddable":true,"href":"https:\/\/prolightafrica.org\/fr\/wp-json\/wp\/v2\/comments?post=3491"}],"version-history":[{"count":10,"href":"https:\/\/prolightafrica.org\/fr\/wp-json\/wp\/v2\/pages\/3491\/revisions"}],"predecessor-version":[{"id":4156,"href":"https:\/\/prolightafrica.org\/fr\/wp-json\/wp\/v2\/pages\/3491\/revisions\/4156"}],"up":[{"embeddable":true,"href":"https:\/\/prolightafrica.org\/fr\/wp-json\/wp\/v2\/pages\/2149"}],"wp:featuredmedia":[{"embeddable":true,"href":"https:\/\/prolightafrica.org\/fr\/wp-json\/wp\/v2\/media\/2494"}],"wp:attachment":[{"href":"https:\/\/prolightafrica.org\/fr\/wp-json\/wp\/v2\/media?parent=3491"}],"curies":[{"name":"wp","href":"https:\/\/api.w.org\/{rel}","templated":true}]}}