{"id":3489,"date":"2024-09-19T15:20:04","date_gmt":"2024-09-19T13:20:04","guid":{"rendered":"https:\/\/prolightafrica.org\/gestion-narrative\/mise-en-oeuvre\/"},"modified":"2026-03-24T15:45:08","modified_gmt":"2026-03-24T14:45:08","slug":"mise-en-oeuvre","status":"publish","type":"page","link":"https:\/\/prolightafrica.org\/fr\/gestion-narrative\/mise-en-oeuvre\/","title":{"rendered":"Mise en \u0153uvre"},"content":{"rendered":"\n<figure class=\"wp-block-image size-large\"><img decoding=\"async\" width=\"1920\" height=\"1280\" src=\"https:\/\/prolightafrica.org\/wp-content\/uploads\/\/img_8576-1920x1280.jpg\" alt=\"Charrette &#xE0; cheval et chauffeur approvisionnant les communaut&#xE9;s en eau &#xE0; partir du kiosque de dessalement dans le nord du S&#xE9;n&#xE9;gal, appel&#xE9; Banneexu Ndox.\" class=\"wp-image-3436\" srcset=\"https:\/\/prolightafrica.org\/wp-content\/uploads\/img_8576-1920x1280.jpg 1920w, https:\/\/prolightafrica.org\/wp-content\/uploads\/img_8576-768x512.jpg 768w, https:\/\/prolightafrica.org\/wp-content\/uploads\/img_8576-1536x1024.jpg 1536w, https:\/\/prolightafrica.org\/wp-content\/uploads\/img_8576-2048x1365.jpg 2048w\" sizes=\"(max-width: 1920px) 100vw, 1920px\" \/><\/figure>\n\n<h2 class=\"wp-block-heading\">D\u00e9but de la mise en \u0153uvre NAMA4PD<\/h2>\n<div class=\"wp-block-image \">\n<figure class=\"alignright is-resized\"><img decoding=\"async\" width=\"1512\" height=\"2016\" src=\"https:\/\/prolightafrica.org\/wp-content\/uploads\/image5-rotated.jpeg\" alt=\"A&#xEE;n&#xE9; des communaut&#xE9;s lors d'une discussion au kiosque &#xE0; eau de Banneexu Ndox (Mise en &#x153;uvre de NAMA4PD)\" class=\"wp-image-3441\" style=\"width:400px;height:auto\" srcset=\"https:\/\/prolightafrica.org\/wp-content\/uploads\/image5-rotated.jpeg 1512w, https:\/\/prolightafrica.org\/wp-content\/uploads\/image5-768x1024.jpeg 768w, https:\/\/prolightafrica.org\/wp-content\/uploads\/image5-1152x1536.jpeg 1152w\" sizes=\"(max-width: 1512px) 100vw, 1512px\" \/><\/figure>\n<\/div>\n<p><a href=\"https:\/\/prolightafrica.org\/fr\/gestion-narrative-dans-la-dynamique-des-conflits\/\">Des activit\u00e9s exploratoires<\/a> au Ghana, en Gambie et au S\u00e9n\u00e9gal en 2021, financ\u00e9es et soutenues par la Fondation Hanns Seidel, ont jet\u00e9 les bases de la mise en \u0153uvre du concept NAMA4PD dans la r\u00e9gion de l&rsquo;Afrique de l&rsquo;Ouest et du Sahel. Un film <a href=\"https:\/\/www.youtube.com\/watch?v=sRSvjMuhOmc\">documentaire sur les activit\u00e9s de 2021<\/a> constitue une bonne introduction au concept.<\/p>\n\n<p>Au S\u00e9n\u00e9gal, la cr\u00e9ation d&rsquo;un <a href=\"https:\/\/prolightafrica.org\/fr\/nama4pd-et-developpement-dun-groupe-de-travail-sur-la-prevention-des-conflits\/\">groupe de travail interreligieux et intersectoriel sur la pr\u00e9vention des conflits<\/a> a d\u00e9but\u00e9 avec le soutien de la <a href=\"https:\/\/www.bayern.de\/der-freistaat\/the-free-state-of-bavaria\/\">Chancellerie de l&rsquo;\u00c9tat de Bavi\u00e8re<\/a> en septembre 2022 par l&rsquo;\u00e9laboration de mesures. Des ateliers r\u00e9unissant des acteurs de la police, de l&rsquo;arm\u00e9e, des m\u00e9dias, de l&rsquo;\u00e9conomie, de la religion, des groupes de femmes, de la jeunesse, de la culture, de l&rsquo;environnement, des organisations non gouvernementales, du monde universitaire, de la politique et de l&rsquo;administration ont constitu\u00e9 les \u00e9l\u00e9ments cl\u00e9s de ce projet. <\/p>\n\n<p>En 2024, le projet de dessalement d&rsquo;eau \u00ab\u00a0B\u00e0nneexu Ndox\u00a0\u00bb, dans le nord du S\u00e9n\u00e9gal et pr\u00e8s de la fronti\u00e8re mauritanienne, est d\u00e9velopp\u00e9 en coop\u00e9ration avec des partenaires s\u00e9n\u00e9galais et allemands et constitue un emplacement id\u00e9al pour un <a href=\"https:\/\/prolightafrica.org\/fr\/centre-dinformation-sociale-2\/\">centre d&rsquo;information sociale<\/a> dans le cadre de l&rsquo;initiative NAMA4PD. <\/p>\n\n<p>Le projet, initi\u00e9 par Project Lighthouse Africa, vise \u00e0 placer strat\u00e9giquement des kiosques \u00e0 eau en tant que carrefours d&rsquo;information sociale \u00e0 des n\u0153uds r\u00e9gionaux importants. Ces carrefours serviront de centres d&rsquo;engagement r\u00e9gional, en fournissant des informations fiables et en facilitant l&rsquo;\u00e9change d&rsquo;informations au sein de la population. En outre, ils contribueront \u00e0 favoriser une r\u00e9ponse proactive de la communaut\u00e9 aux menaces potentielles d&rsquo;activit\u00e9s criminelles ou terroristes.   <\/p>\n\n<figure class=\"wp-block-embed is-type-video is-provider-youtube wp-block-embed-youtube wp-embed-aspect-16-9 wp-has-aspect-ratio\"><div class=\"wp-block-embed__wrapper\">\n<iframe hcb-fetch-image-from=\"https:\/\/youtu.be\/_6p-5vxL79w\" title=\"&quot;B\u00e0nneexu Ndox&quot; water desalination project - Senegal\" width=\"500\" height=\"281\" src=\"https:\/\/www.youtube.com\/embed\/_6p-5vxL79w?feature=oembed\" frameborder=\"0\" allow=\"accelerometer; autoplay; clipboard-write; encrypted-media; gyroscope; picture-in-picture; web-share\" referrerpolicy=\"strict-origin-when-cross-origin\" allowfullscreen><\/iframe>\n<\/div><figcaption class=\"wp-element-caption\">Projet de dessalement d&rsquo;eau \u00ab\u00a0B\u00e0nneexu Ndox\u00a0\u00bb &#8211; S\u00e9n\u00e9gal<br>\u00a9 Project Lighthouse Africa 2024<\/figcaption><\/figure>\n\n<figure class=\"wp-block-embed is-type-video is-provider-youtube wp-block-embed-youtube wp-embed-aspect-16-9 wp-has-aspect-ratio\"><div class=\"wp-block-embed__wrapper\">\n<iframe hcb-fetch-image-from=\"https:\/\/youtu.be\/_GIDRBMxYho\" title=\"How is disinformation being used strategically to fuel conflict in West Africa? Senegal - a journey.\" width=\"500\" height=\"281\" src=\"https:\/\/www.youtube.com\/embed\/_GIDRBMxYho?feature=oembed\" frameborder=\"0\" allow=\"accelerometer; autoplay; clipboard-write; encrypted-media; gyroscope; picture-in-picture; web-share\" referrerpolicy=\"strict-origin-when-cross-origin\" allowfullscreen><\/iframe>\n<\/div><figcaption class=\"wp-element-caption\">Comment la d\u00e9sinformation est-elle utilis\u00e9e strat\u00e9giquement pour alimenter les conflits en Afrique de l&rsquo;Ouest ?<br>\u00a9 Project Lighthouse Africa 2023<\/figcaption><\/figure>\n\n<figure class=\"wp-block-embed is-type-video is-provider-youtube wp-block-embed-youtube wp-embed-aspect-16-9 wp-has-aspect-ratio\"><div class=\"wp-block-embed__wrapper\">\n<iframe hcb-fetch-image-from=\"https:\/\/youtu.be\/fLRlCgtVq38\" title=\"Narrative Management for Peace Through Dialogue | #NAMA4PD | Senegal, West Africa | Documentation\" width=\"500\" height=\"281\" src=\"https:\/\/www.youtube.com\/embed\/fLRlCgtVq38?feature=oembed\" frameborder=\"0\" allow=\"accelerometer; autoplay; clipboard-write; encrypted-media; gyroscope; picture-in-picture; web-share\" referrerpolicy=\"strict-origin-when-cross-origin\" allowfullscreen><\/iframe>\n<\/div><figcaption class=\"wp-element-caption\">Narrative Management for Peace Through Dialogue | #NAMA4PD | S\u00e9n\u00e9gal, Afrique de l&rsquo;Ouest | Documentation <br>\u00a9 Project Lighthouse Africa 2022<\/figcaption><\/figure>\n\n<figure class=\"wp-block-embed is-type-video is-provider-youtube wp-block-embed-youtube wp-embed-aspect-16-9 wp-has-aspect-ratio\"><div class=\"wp-block-embed__wrapper\">\n<iframe hcb-fetch-image-from=\"https:\/\/youtu.be\/sRSvjMuhOmc\" title=\"Narrative Management in Gambia &amp; Ghana | 2021\" width=\"500\" height=\"281\" src=\"https:\/\/www.youtube.com\/embed\/sRSvjMuhOmc?feature=oembed\" frameborder=\"0\" allow=\"accelerometer; autoplay; clipboard-write; encrypted-media; gyroscope; picture-in-picture; web-share\" referrerpolicy=\"strict-origin-when-cross-origin\" allowfullscreen><\/iframe>\n<\/div><figcaption class=\"wp-element-caption\">Gestion narrative pour la paix par le dialogue | Un film documentaire (15 min), pr\u00e9sentant le sujet et le concept.&nbsp;<br>\u00a9 Project Lighthouse Africa 2021<\/figcaption><\/figure>\n","protected":false},"excerpt":{"rendered":"<p>D\u00e9but de la mise en \u0153uvre NAMA4PD Des activit\u00e9s exploratoires au Ghana, en Gambie et au S\u00e9n\u00e9gal en 2021, financ\u00e9es et soutenues par la Fondation Hanns Seidel, ont jet\u00e9 les bases de la mise en \u0153uvre du concept NAMA4PD dans la r\u00e9gion de l&rsquo;Afrique de l&rsquo;Ouest et du Sahel. Un film documentaire sur les activit\u00e9s [&hellip;]<\/p>\n","protected":false},"author":2,"featured_media":2494,"parent":2149,"menu_order":0,"comment_status":"closed","ping_status":"closed","template":"","meta":{"_seopress_robots_primary_cat":"","_seopress_titles_title":"Mise en \u0153uvre de NAMA4PD en Afrique de l'Ouest : Une r\u00e9ussite r\u00e9gionale","_seopress_titles_desc":"D\u00e9couvrez la mise en \u0153uvre de l'initiative NAMA4PD en Afrique de l'Ouest, qui favorise la paix et la pr\u00e9vention des conflits gr\u00e2ce \u00e0 l'engagement des communaut\u00e9s.","_seopress_robots_index":"","iawp_total_views":3,"footnotes":""},"class_list":["post-3489","page","type-page","status-publish","has-post-thumbnail"],"_links":{"self":[{"href":"https:\/\/prolightafrica.org\/fr\/wp-json\/wp\/v2\/pages\/3489","targetHints":{"allow":["GET"]}}],"collection":[{"href":"https:\/\/prolightafrica.org\/fr\/wp-json\/wp\/v2\/pages"}],"about":[{"href":"https:\/\/prolightafrica.org\/fr\/wp-json\/wp\/v2\/types\/page"}],"author":[{"embeddable":true,"href":"https:\/\/prolightafrica.org\/fr\/wp-json\/wp\/v2\/users\/2"}],"replies":[{"embeddable":true,"href":"https:\/\/prolightafrica.org\/fr\/wp-json\/wp\/v2\/comments?post=3489"}],"version-history":[{"count":7,"href":"https:\/\/prolightafrica.org\/fr\/wp-json\/wp\/v2\/pages\/3489\/revisions"}],"predecessor-version":[{"id":4162,"href":"https:\/\/prolightafrica.org\/fr\/wp-json\/wp\/v2\/pages\/3489\/revisions\/4162"}],"up":[{"embeddable":true,"href":"https:\/\/prolightafrica.org\/fr\/wp-json\/wp\/v2\/pages\/2149"}],"wp:featuredmedia":[{"embeddable":true,"href":"https:\/\/prolightafrica.org\/fr\/wp-json\/wp\/v2\/media\/2494"}],"wp:attachment":[{"href":"https:\/\/prolightafrica.org\/fr\/wp-json\/wp\/v2\/media?parent=3489"}],"curies":[{"name":"wp","href":"https:\/\/api.w.org\/{rel}","templated":true}]}}