{"id":3485,"date":"2024-09-19T15:19:36","date_gmt":"2024-09-19T13:19:36","guid":{"rendered":"https:\/\/prolightafrica.org\/gestion-narrative\/comment-fonctionne-nama4pd\/"},"modified":"2024-11-21T10:31:05","modified_gmt":"2024-11-21T09:31:05","slug":"comment-fonctionne-nama4pd","status":"publish","type":"page","link":"https:\/\/prolightafrica.org\/fr\/gestion-narrative\/comment-fonctionne-nama4pd\/","title":{"rendered":"Comment fonctionne NAMA4PD ?"},"content":{"rendered":"\n<figure class=\"wp-block-image size-full\"><img decoding=\"async\" width=\"1600\" height=\"1066\" src=\"https:\/\/prolightafrica.org\/wp-content\/uploads\/2024\/08\/NM-WS-Gambia-Talk-with-DCHOD.jpg\" alt=\"\" class=\"wp-image-2543\" srcset=\"https:\/\/prolightafrica.org\/wp-content\/uploads\/2024\/08\/NM-WS-Gambia-Talk-with-DCHOD.jpg 1600w, https:\/\/prolightafrica.org\/wp-content\/uploads\/2024\/08\/NM-WS-Gambia-Talk-with-DCHOD-768x512.jpg 768w, https:\/\/prolightafrica.org\/wp-content\/uploads\/2024\/08\/NM-WS-Gambia-Talk-with-DCHOD-1536x1023.jpg 1536w\" sizes=\"(max-width: 1600px) 100vw, 1600px\" \/><figcaption class=\"wp-element-caption\">Plusieurs discussions en marge de l&rsquo;atelier sur la Gambie ont permis de compl\u00e9ter le tableau de la situation actuelle. Ici avec le chef adjoint de la d\u00e9fense des forces arm\u00e9es gambiennes. <\/figcaption><\/figure>\n\n<blockquote class=\"wp-block-quote is-layout-flow wp-block-quote-is-layout-flow\">\n<p>L&rsquo;AMNA4PD fonctionne en identifiant les r\u00e9cits qui s\u00e8ment la discorde dans les zones sujettes aux conflits et en contrant leur influence par le renforcement de la r\u00e9silience locale.<\/p>\n\n\n\n<p><\/p>\n<\/blockquote>\n\n<h2 class=\"wp-block-heading\">Caract\u00e9ristiques<\/h2>\n\n<p><\/p>\n\n<p><strong>Une logique ascendante coh\u00e9rente :<\/strong> La diffusion de la d\u00e9sinformation et la lutte contre les d\u00e9ficits d&rsquo;information commencent par les citoyens sur le terrain et leurs habitudes de communication.<br\/>Les citoyens ont des habitudes de communication. Dans l&rsquo;environnement m\u00e9diatique tr\u00e8s mobile et en r\u00e9seau de l&rsquo;Afrique de l&rsquo;Ouest, ils sont souvent les premiers destinataires de la propagande et des fausses nouvelles, ce qui fait d&rsquo;eux des acteurs cl\u00e9s.<br\/>Ils devraient donc \u00eatre au centre des efforts de communication. L&rsquo;approche compl\u00e8te donc les efforts existants pour surveiller la d\u00e9sinformation, d\u00e9mystifier les fausses informations ou renforcer le journalisme.  <\/p>\n\n<p><strong>Une approche holistique de la communication :<\/strong> L&rsquo;initiative NAMA4PD ne se limite pas \u00e0 des activit\u00e9s isol\u00e9es telles que la v\u00e9rification des faits, mais vise \u00e0 donner \u00e0 la population locale les moyens de prendre conscience de son r\u00f4le et de sa responsabilit\u00e9 en tant que destinataire et diffuseur de la communication et du contenu des m\u00e9dias.<\/p>\n\n<p>Ils devraient apprendre \u00e0 formuler leurs propres r\u00e9cits positifs sur leur identit\u00e9, leurs moyens de subsistance et leurs objectifs de d\u00e9veloppement dans les langues locales, devenant ainsi plus r\u00e9sistants aux r\u00e9cits manipulateurs.<\/p>\n\n<p><strong>Une mise en r\u00e9seau \u00e9tendue<\/strong>: \u00c9tant donn\u00e9 que la d\u00e9sinformation et la propagande exploitent g\u00e9n\u00e9ralement les griefs et les probl\u00e8mes existants, par exemple en d\u00e9signant des coupables pr\u00e9sum\u00e9s, les mesures de communication ne peuvent \u00e0 elles seules porter leurs fruits \u00e0 long terme.<br\/>Les mesures ne peuvent \u00e0 elles seules porter leurs fruits \u00e0 long terme.  <\/p>\n\n<p>Dans le m\u00eame temps, ils doivent jeter des ponts vers d&rsquo;autres projets (renforcement de la s\u00e9curit\u00e9, d\u00e9veloppement des perspectives sociales et \u00e9conomiques pour les femmes et les jeunes) afin d&rsquo;offrir aux gens la possibilit\u00e9 de surmonter ces probl\u00e8mes r\u00e9els de mani\u00e8re substantielle, au-del\u00e0 de l&rsquo;\u00e9laboration de r\u00e9cits valorisants.<\/p>\n\n<p><strong>Structure autonome et durable<\/strong>: NAMA4PD implique les principales parties prenantes locales et r\u00e9gionales dans toutes les phases du projet &#8211; de la collecte de donn\u00e9es sur les m\u00e9dias locaux et les conditions sociales et \u00e9conomiques au d\u00e9veloppement d&rsquo;interventions appropri\u00e9es en mati\u00e8re de comp\u00e9tences de communication et \u00e0 la mise en \u0153uvre de programmes.  <\/p>\n\n<p>Une approche de formation des formateurs est utilis\u00e9e pour s&rsquo;assurer que les communaut\u00e9s locales partagent et mettent continuellement \u00e0 jour leurs connaissances et leurs comp\u00e9tences entre elles et avec d&rsquo;autres communaut\u00e9s, m\u00eame sans aide ext\u00e9rieure.<\/p>\n\n<h2 class=\"wp-block-heading\">Mesures<\/h2>\n\n<p><\/p>\n\n<p><strong>Collecte scientifique de donn\u00e9es actuelles<\/strong> sur les \u00e9cosyst\u00e8mes de communication locaux, y compris les structures d&rsquo;influence, les canaux de communication et les modes d&rsquo;utilisation des m\u00e9dias, afin de servir de base aux mesures de communication et de formation \u00e0 mettre en place.<\/p>\n\n<p>\u00c9tablir et maintenir des <strong>r\u00e9seaux r\u00e9gionaux intersectoriels et interreligieux avec des acteurs cl\u00e9s<\/strong>, reliant les niveaux local, national, r\u00e9gional et international, afin d&rsquo;ancrer les efforts visant \u00e0 cr\u00e9er des structures d&rsquo;information sur la consolidation de la paix dans la soci\u00e9t\u00e9 locale et r\u00e9gionale et de renforcer leur viabilit\u00e9.<\/p>\n\n<p><strong>D\u00e9veloppement participatif de m\u00e9thodes de formation des formateurs<\/strong> ancr\u00e9es dans les cultures locales pour identifier les fausses informations, \u00e9valuer les sources, renforcer les comp\u00e9tences en mati\u00e8re de m\u00e9dias et de communication afin de transf\u00e9rer les connaissances \u00e0 un cercle plus large d&rsquo;acteurs cl\u00e9s, donner aux acteurs locaux les moyens de diffuser eux-m\u00eames des informations fiables par le biais de canaux appropri\u00e9s et du r\u00e9seau NAMA4PD en tant que communicateurs.<\/p>\n\n<p><strong>Mettre en place des \u00ab\u00a0centres d&rsquo;information sociale\u00a0\u00bb<\/strong>, une combinaison de lieux physiques et num\u00e9riques o\u00f9 des informations fiables sont partag\u00e9es et qui servent \u00e9galement de syst\u00e8me d&rsquo;alerte pr\u00e9coce pour identifier la d\u00e9sinformation, les r\u00e9cits perturbateurs et les activit\u00e9s d&rsquo;influence et de d\u00e9stabilisation des acteurs radicaux, criminels et terroristes.  <\/p>\n\n<p>Id\u00e9alement, les centres d&rsquo;information sociale devraient \u00eatre des lieux physiques con\u00e7us pour permettre aux gens de se rencontrer et d&rsquo;interagir de mani\u00e8re prot\u00e9g\u00e9e, et o\u00f9, en plus des conversations en face \u00e0 face, des infrastructures techniques sont disponibles pour stocker, laisser, commenter et partager des informations avec d&rsquo;autres.<\/p>\n\n<p><strong>Mise en r\u00e9seau avec des projets et des acteurs des secteurs voisins<\/strong>, en particulier dans les domaines de la \u00ab s\u00e9curit\u00e9 \u00bb et du \u00ab d\u00e9veloppement des perspectives \u00bb. D&rsquo;une part, la s\u00e9curit\u00e9 physique est une condition pr\u00e9alable essentielle \u00e0 une communication ouverte et respectueuse et \u00e0 la r\u00e9solution des conflits. <\/p>\n\n<p>D&rsquo;autre part, la d\u00e9fense contre la d\u00e9sinformation et la propagande qui s\u00e8ment la discorde et le conflit contribue de mani\u00e8re significative \u00e0 renforcer le sentiment de s\u00e9curit\u00e9. En outre, la lutte contre la d\u00e9stabilisation communicationnelle ne peut \u00eatre couronn\u00e9e de succ\u00e8s \u00e0 long terme que si les causes de conflit susceptibles d&rsquo;\u00eatre exploit\u00e9es \u00e0 des fins de propagande et de haine sont combattues. L&rsquo;\u00e9tablissement d&rsquo;un lien entre les mesures NAMA4PD et les projets de d\u00e9veloppement locaux est donc une activit\u00e9 centrale du concept.  <\/p>\n","protected":false},"excerpt":{"rendered":"<p>L&rsquo;AMNA4PD fonctionne en identifiant les r\u00e9cits qui s\u00e8ment la discorde dans les zones sujettes aux conflits et en contrant leur influence par le renforcement de la r\u00e9silience locale. Caract\u00e9ristiques Une logique ascendante coh\u00e9rente : La diffusion de la d\u00e9sinformation et la lutte contre les d\u00e9ficits d&rsquo;information commencent par les citoyens sur le terrain et leurs [&hellip;]<\/p>\n","protected":false},"author":2,"featured_media":2494,"parent":2149,"menu_order":0,"comment_status":"closed","ping_status":"closed","template":"","meta":{"_seopress_robots_primary_cat":"","_seopress_titles_title":"Gestion de la narration pour la paix par le dialogue","_seopress_titles_desc":"Explorez l'approche de NAMA4PD en mati\u00e8re de gestion narrative pour la construction de la paix, en renfor\u00e7ant la communication sociale pour contrer la d\u00e9sinformation dans les r\u00e9gions vuln\u00e9rables.","_seopress_robots_index":"","iawp_total_views":5,"footnotes":""},"class_list":["post-3485","page","type-page","status-publish","has-post-thumbnail"],"_links":{"self":[{"href":"https:\/\/prolightafrica.org\/fr\/wp-json\/wp\/v2\/pages\/3485","targetHints":{"allow":["GET"]}}],"collection":[{"href":"https:\/\/prolightafrica.org\/fr\/wp-json\/wp\/v2\/pages"}],"about":[{"href":"https:\/\/prolightafrica.org\/fr\/wp-json\/wp\/v2\/types\/page"}],"author":[{"embeddable":true,"href":"https:\/\/prolightafrica.org\/fr\/wp-json\/wp\/v2\/users\/2"}],"replies":[{"embeddable":true,"href":"https:\/\/prolightafrica.org\/fr\/wp-json\/wp\/v2\/comments?post=3485"}],"version-history":[{"count":2,"href":"https:\/\/prolightafrica.org\/fr\/wp-json\/wp\/v2\/pages\/3485\/revisions"}],"predecessor-version":[{"id":3669,"href":"https:\/\/prolightafrica.org\/fr\/wp-json\/wp\/v2\/pages\/3485\/revisions\/3669"}],"up":[{"embeddable":true,"href":"https:\/\/prolightafrica.org\/fr\/wp-json\/wp\/v2\/pages\/2149"}],"wp:featuredmedia":[{"embeddable":true,"href":"https:\/\/prolightafrica.org\/fr\/wp-json\/wp\/v2\/media\/2494"}],"wp:attachment":[{"href":"https:\/\/prolightafrica.org\/fr\/wp-json\/wp\/v2\/media?parent=3485"}],"curies":[{"name":"wp","href":"https:\/\/api.w.org\/{rel}","templated":true}]}}