{"id":3481,"date":"2024-09-19T15:20:26","date_gmt":"2024-09-19T13:20:26","guid":{"rendered":"https:\/\/prolightafrica.org\/gestion-narrative\/connectivite-elevee-pour-nama4pd\/"},"modified":"2026-03-24T15:05:30","modified_gmt":"2026-03-24T14:05:30","slug":"connectivite-elevee-pour-nama4pd","status":"publish","type":"page","link":"https:\/\/prolightafrica.org\/fr\/gestion-narrative\/connectivite-elevee-pour-nama4pd\/","title":{"rendered":"Connectivit\u00e9 \u00e9lev\u00e9e pour NAMA4PD"},"content":{"rendered":"\n<figure class=\"wp-block-image size-full\"><img decoding=\"async\" width=\"2560\" height=\"1707\" src=\"https:\/\/prolightafrica.org\/wp-content\/uploads\/2024\/08\/panel4_1-scaled-1.jpg\" alt=\"Moments de haute connectivit&#xE9; sur un panel d'efforts communs\" class=\"wp-image-2098\" srcset=\"https:\/\/prolightafrica.org\/wp-content\/uploads\/2024\/08\/panel4_1-scaled-1.jpg 2560w, https:\/\/prolightafrica.org\/wp-content\/uploads\/2024\/08\/panel4_1-scaled-1-768x512.jpg 768w, https:\/\/prolightafrica.org\/wp-content\/uploads\/2024\/08\/panel4_1-scaled-1-1536x1024.jpg 1536w, https:\/\/prolightafrica.org\/wp-content\/uploads\/2024\/08\/panel4_1-scaled-1-2048x1366.jpg 2048w\" sizes=\"(max-width: 2560px) 100vw, 2560px\" \/><\/figure>\n\n<h2 class=\"wp-block-heading\">Connectivit\u00e9 \u00e9lev\u00e9e<\/h2>\n\n<p>Le concept est bien adaptable aux pays partenaires de la r\u00e9forme de la coop\u00e9ration allemande au d\u00e9veloppement en Afrique et aux pays africains menac\u00e9s de d\u00e9stabilisation par la d\u00e9sinformation et le contexte hybride. En outre, NAMA4PD offre une grande connectivit\u00e9 dans le contexte mondial. <\/p>\n\n<p>Les OVE exploitent la vuln\u00e9rabilit\u00e9 des pays face au changement climatique, le blocage du d\u00e9veloppement socio-\u00e9conomique, le taux \u00e9lev\u00e9 de ch\u00f4mage des jeunes et l&rsquo;inefficacit\u00e9 des structures de gouvernance. L&rsquo;une de leurs principales strat\u00e9gies consiste \u00e0 d\u00e9stabiliser les pays en diffusant des r\u00e9cits fond\u00e9s sur des fausses nouvelles, de la d\u00e9sinformation et des discours de haine. Cela sape la confiance g\u00e9n\u00e9rale et institutionnelle dans les pays et les communaut\u00e9s locales et d\u00e9truit la coh\u00e9sion sociale.  <\/p>\n\n<p>Il est particuli\u00e8rement difficile pour les acteurs politiques internationaux de r\u00e9agir de mani\u00e8re efficace et coh\u00e9rente (Common Effort Workshop 2021 to <a href=\"https:\/\/common-effort.org\/wp-content\/uploads\/Common-Effort-Sahel-Report.pdf\" target=\"_blank\" rel=\"noreferrer noopener\">Sahel G5 Report<\/a>) en raison d&rsquo;un manque cruel de connaissances sur les r\u00e9seaux de communication, les flux d&rsquo;informations et les capacit\u00e9s de gestion de la d\u00e9sinformation, ainsi que d&rsquo;un manque de moyens appropri\u00e9s pour contrer efficacement les r\u00e9cits de propagande islamiste.<\/p>\n\n<p>Narrative Management pour la paix par dialogue (NAMA4PD) est un concept qui rassemble les points cl\u00e9s de diverses lignes directrices actuelles (notamment Pr\u00e9venir les crises, G\u00e9rer les conflits, Promouvoir la paix) et de recommandations d&rsquo;experts (notamment le rapport de la Commission du gouvernement allemand sur les causes de la fuite).<\/p>\n\n<p><a href=\"https:\/\/prolightafrica.org\/fr\/nama4pd-documentaire-2023\/\">Le concept<\/a> permet la mise en \u0153uvre pratique des \u00e9l\u00e9ments d&rsquo;une <a href=\"https:\/\/www.nature.com\/articles\/s41598-021-94858-2#:~:text=29%20July%202021-,A%20network%20approach%20to%20rank%20countries%20chasing%20sustainable%20development,-Carla%20Sciarra%2C%20Guido\" target=\"_blank\" rel=\"noreferrer noopener\">approche en r\u00e9seau<\/a> (<a href=\"https:\/\/aer.eu\/integrated-approach-sdgs\/#:~:text=The%20need%20for%20an%20integrated%20approach\" target=\"_blank\" rel=\"noreferrer noopener\">approche int\u00e9gr\u00e9e<\/a>) bas\u00e9e sur trois piliers interd\u00e9pendants : la s\u00e9curit\u00e9 et le d\u00e9veloppement, la communication et le d\u00e9veloppement des perspectives. Nous mettons particuli\u00e8rement l&rsquo;accent sur l&rsquo;inclusion. Outre le travail avec les jeunes, nous nous concentrons sur le travail avec et pour les femmes afin de <a href=\"https:\/\/www.bmz.de\/en\/issues\/feminist-development-policy#anc=Was:~:text=Details-,Feminist%20development%20policy%20%E2%80%93%20what%20is%20it%20all%20about%3F,-27%20SEPTEMBER%202022\">promouvoir l&rsquo;\u00e9galit\u00e9 des sexes<\/a>.<\/p>\n\n<figure class=\"wp-block-embed is-type-video is-provider-youtube wp-block-embed-youtube wp-embed-aspect-16-9 wp-has-aspect-ratio\"><div class=\"wp-block-embed__wrapper\">\n<iframe hcb-fetch-image-from=\"https:\/\/youtu.be\/GKvd9tJ4Wkc\" title=\"WEST AFRICA AS AN ARENA OF GEOPOLITICAL CONFLICTS | Common Effort Conference June 2023 | Berlin\" width=\"500\" height=\"281\" src=\"https:\/\/www.youtube.com\/embed\/GKvd9tJ4Wkc?feature=oembed\" frameborder=\"0\" allow=\"accelerometer; autoplay; clipboard-write; encrypted-media; gyroscope; picture-in-picture; web-share\" referrerpolicy=\"strict-origin-when-cross-origin\" allowfullscreen><\/iframe>\n<\/div><figcaption class=\"wp-element-caption\">L&rsquo;AFRIQUE DE L&rsquo;OUEST COMME ARENA DES CONFLITS GEOPOLITIQUES | Conf\u00e9rence sur l&rsquo;effort commun juin 2023 | Berlin<\/figcaption><\/figure>\n\n<h2 class=\"wp-block-heading\"><strong>Collecte de donn\u00e9es empiriques et coop\u00e9ration internationale<\/strong><\/h2>\n\n<p>NAMA4PD (Narrative Management for Peace through Dialogue) tire parti de sa connectivit\u00e9 internationale en int\u00e9grant l&rsquo;expertise locale aux meilleures pratiques mondiales. Sa force d&rsquo;innovation r\u00e9side dans la combinaison d&rsquo;approches existantes : la cr\u00e9ation et le maintien d&rsquo;un r\u00e9seau fiable de parties prenantes cl\u00e9s dans de multiples secteurs, la mise en place d&rsquo;un syst\u00e8me de collecte et de distribution d&rsquo;informations fiables avec une appropriation locale, et une collaboration \u00e9troite avec des partenaires internationaux pour renforcer la r\u00e9silience face aux efforts de d\u00e9stabilisation. <\/p>\n\n<p>Pour garantir une mise en \u0153uvre efficace, l&rsquo;initiative commence par une collecte et une analyse approfondies des donn\u00e9es empiriques. Ce processus vise \u00e0 mieux comprendre les r\u00e9seaux de communication locaux, les structures d&rsquo;influence et le flux d&rsquo;informations, fournissant ainsi des informations essentielles pour adapter le projet au contexte r\u00e9gional. <\/p>\n\n<p>La collaboration entre les experts europ\u00e9ens et locaux constituera l&rsquo;\u00e9pine dorsale de NAMA4PD. L&rsquo;initiative comprend des mesures de renforcement des capacit\u00e9s telles que des ateliers de formation, un programme de formation des formateurs et des efforts d&rsquo;\u00e9ducation communautaire. L&rsquo;appropriation locale est soulign\u00e9e par le d\u00e9veloppement d&rsquo;un syst\u00e8me d&rsquo;information robuste g\u00e9r\u00e9 par les parties prenantes locales. Ce partenariat international-local renforce la r\u00e9silience des communaut\u00e9s face aux fausses nouvelles, aux discours haineux et \u00e0 la propagande, tout en synchronisant les efforts des acteurs de la consolidation de la paix et du d\u00e9veloppement au-del\u00e0 des fronti\u00e8res.   <\/p>\n<div class=\"wp-block-image \">\n<figure class=\"aligncenter\"><img decoding=\"async\" src=\"https:\/\/prolightafrica.org\/wp-content\/uploads\/narrative-management-by-pla_ed.jpg\" alt=\"Concept de #NAMA4PD\" class=\"wp-image-277\"\/><\/figure>\n<\/div>\n<h2 class=\"wp-block-heading\"><strong>La communication, un pilier central<\/strong><\/h2>\n\n<p>L&rsquo;une des principales conclusions du travail exploratoire men\u00e9 dans les pays d&rsquo;Afrique de l&rsquo;Ouest est que la communication constitue un pilier central du concept NAMA4PD. Une compr\u00e9hension approfondie des structures de communication locales et du flux d&rsquo;informations est essentielle pour favoriser le dialogue et la stabilit\u00e9, en particulier dans les r\u00e9gions o\u00f9 les institutions \u00e9tatiques sont faibles ou fragment\u00e9es. <\/p>\n\n<p>Ces derni\u00e8res ann\u00e9es, l&rsquo;Afrique de l&rsquo;Ouest a connu de nombreux \u00e9v\u00e9nements d\u00e9stabilisants, notamment des coups d&rsquo;\u00c9tat militaires, la mont\u00e9e d&rsquo;un sentiment anti-europ\u00e9en et la propagation de la propagande djihadiste. Ces questions dominent les r\u00e9cits des m\u00e9dias et refl\u00e8tent une tendance plus large \u00e0 l&rsquo;augmentation de l&rsquo;instabilit\u00e9. En se concentrant sur la communication, NAMA4PD cherche \u00e0 contrer ces forces d\u00e9stabilisantes en promouvant le dialogue, la ma\u00eetrise de l&rsquo;information et les approches en r\u00e9seau de la construction de la paix.  <\/p>\n\n<p>La connectivit\u00e9 internationale de NAMA4PD est essentielle pour garantir que ces d\u00e9fis soient relev\u00e9s par le biais d&rsquo;une approche coordonn\u00e9e et multipartite qui combine les forces des id\u00e9es locales et de l&rsquo;expertise internationale.<\/p>\n","protected":false},"excerpt":{"rendered":"<p>Connectivit\u00e9 \u00e9lev\u00e9e Le concept est bien adaptable aux pays partenaires de la r\u00e9forme de la coop\u00e9ration allemande au d\u00e9veloppement en Afrique et aux pays africains menac\u00e9s de d\u00e9stabilisation par la d\u00e9sinformation et le contexte hybride. En outre, NAMA4PD offre une grande connectivit\u00e9 dans le contexte mondial. Les OVE exploitent la vuln\u00e9rabilit\u00e9 des pays face au [&hellip;]<\/p>\n","protected":false},"author":2,"featured_media":2494,"parent":2149,"menu_order":0,"comment_status":"closed","ping_status":"closed","template":"","meta":{"_seopress_robots_primary_cat":"","_seopress_titles_title":"NAMA4PD : Strat\u00e9gies contre les fake news et la radicalisation","_seopress_titles_desc":"NAMA4PD associe l'expertise locale \u00e0 des solutions globales pour lutter contre la d\u00e9sinformation, les discours de haine et les conflits hybrides en Afrique. D\u00e9couvrez comment la narration ... ","_seopress_robots_index":"","iawp_total_views":2,"footnotes":""},"class_list":["post-3481","page","type-page","status-publish","has-post-thumbnail"],"_links":{"self":[{"href":"https:\/\/prolightafrica.org\/fr\/wp-json\/wp\/v2\/pages\/3481","targetHints":{"allow":["GET"]}}],"collection":[{"href":"https:\/\/prolightafrica.org\/fr\/wp-json\/wp\/v2\/pages"}],"about":[{"href":"https:\/\/prolightafrica.org\/fr\/wp-json\/wp\/v2\/types\/page"}],"author":[{"embeddable":true,"href":"https:\/\/prolightafrica.org\/fr\/wp-json\/wp\/v2\/users\/2"}],"replies":[{"embeddable":true,"href":"https:\/\/prolightafrica.org\/fr\/wp-json\/wp\/v2\/comments?post=3481"}],"version-history":[{"count":3,"href":"https:\/\/prolightafrica.org\/fr\/wp-json\/wp\/v2\/pages\/3481\/revisions"}],"predecessor-version":[{"id":4146,"href":"https:\/\/prolightafrica.org\/fr\/wp-json\/wp\/v2\/pages\/3481\/revisions\/4146"}],"up":[{"embeddable":true,"href":"https:\/\/prolightafrica.org\/fr\/wp-json\/wp\/v2\/pages\/2149"}],"wp:featuredmedia":[{"embeddable":true,"href":"https:\/\/prolightafrica.org\/fr\/wp-json\/wp\/v2\/media\/2494"}],"wp:attachment":[{"href":"https:\/\/prolightafrica.org\/fr\/wp-json\/wp\/v2\/media?parent=3481"}],"curies":[{"name":"wp","href":"https:\/\/api.w.org\/{rel}","templated":true}]}}