{"id":2526,"date":"2024-08-12T15:10:58","date_gmt":"2024-08-12T13:10:58","guid":{"rendered":"https:\/\/prolightafrica.org\/centre-dinformation-sociale-2\/"},"modified":"2025-09-29T11:08:35","modified_gmt":"2025-09-29T09:08:35","slug":"centre-dinformation-sociale-2","status":"publish","type":"page","link":"https:\/\/prolightafrica.org\/fr\/centre-dinformation-sociale-2\/","title":{"rendered":"Centre d&rsquo;information sociale"},"content":{"rendered":"","protected":false},"excerpt":{"rendered":"","protected":false},"author":1,"featured_media":2527,"parent":0,"menu_order":0,"comment_status":"closed","ping_status":"closed","template":"","meta":{"_seopress_robots_primary_cat":"","_seopress_titles_title":"Transformer les kiosques \u00e0 eau en centres d'information sociale","_seopress_titles_desc":"D\u00e9couvrez comment PLA int\u00e8gre la s\u00e9curit\u00e9 de l'eau \u00e0 NAMA4PD pour cr\u00e9er des centres d'information sociale et favoriser l'engagement communautaire au S\u00e9n\u00e9gal.","_seopress_robots_index":"","iawp_total_views":4,"footnotes":""},"class_list":["post-2526","page","type-page","status-publish","has-post-thumbnail"],"_links":{"self":[{"href":"https:\/\/prolightafrica.org\/fr\/wp-json\/wp\/v2\/pages\/2526","targetHints":{"allow":["GET"]}}],"collection":[{"href":"https:\/\/prolightafrica.org\/fr\/wp-json\/wp\/v2\/pages"}],"about":[{"href":"https:\/\/prolightafrica.org\/fr\/wp-json\/wp\/v2\/types\/page"}],"author":[{"embeddable":true,"href":"https:\/\/prolightafrica.org\/fr\/wp-json\/wp\/v2\/users\/1"}],"replies":[{"embeddable":true,"href":"https:\/\/prolightafrica.org\/fr\/wp-json\/wp\/v2\/comments?post=2526"}],"version-history":[{"count":1,"href":"https:\/\/prolightafrica.org\/fr\/wp-json\/wp\/v2\/pages\/2526\/revisions"}],"predecessor-version":[{"id":2921,"href":"https:\/\/prolightafrica.org\/fr\/wp-json\/wp\/v2\/pages\/2526\/revisions\/2921"}],"wp:featuredmedia":[{"embeddable":true,"href":"https:\/\/prolightafrica.org\/fr\/wp-json\/wp\/v2\/media\/2527"}],"wp:attachment":[{"href":"https:\/\/prolightafrica.org\/fr\/wp-json\/wp\/v2\/media?parent=2526"}],"curies":[{"name":"wp","href":"https:\/\/api.w.org\/{rel}","templated":true}]}}