{"id":2152,"date":"2022-07-03T22:25:00","date_gmt":"2022-07-03T20:25:00","guid":{"rendered":"https:\/\/prolightafrica.org\/participe-et-donne\/"},"modified":"2026-02-15T12:37:07","modified_gmt":"2026-02-15T11:37:07","slug":"participe-et-donne","status":"publish","type":"page","link":"https:\/\/prolightafrica.org\/fr\/participe-et-donne\/","title":{"rendered":"Participe et donne"},"content":{"rendered":"","protected":false},"excerpt":{"rendered":"","protected":false},"author":1,"featured_media":862,"parent":0,"menu_order":0,"comment_status":"closed","ping_status":"closed","template":"","meta":{"_seopress_robots_primary_cat":"","_seopress_titles_title":"Participez et soutenez Project Lighthouse Africa e.V. aujourd'hui","_seopress_titles_desc":"Contribuez chaque ann\u00e9e pour soutenir le projet Lighthouse Africa. Rejoignez-nous et faites une diff\u00e9rence durable. Participez d\u00e8s maintenant, cela ne prend qu'une minute !  ","_seopress_robots_index":"","iawp_total_views":3,"footnotes":""},"class_list":["post-2152","page","type-page","status-publish","has-post-thumbnail"],"_links":{"self":[{"href":"https:\/\/prolightafrica.org\/fr\/wp-json\/wp\/v2\/pages\/2152","targetHints":{"allow":["GET"]}}],"collection":[{"href":"https:\/\/prolightafrica.org\/fr\/wp-json\/wp\/v2\/pages"}],"about":[{"href":"https:\/\/prolightafrica.org\/fr\/wp-json\/wp\/v2\/types\/page"}],"author":[{"embeddable":true,"href":"https:\/\/prolightafrica.org\/fr\/wp-json\/wp\/v2\/users\/1"}],"replies":[{"embeddable":true,"href":"https:\/\/prolightafrica.org\/fr\/wp-json\/wp\/v2\/comments?post=2152"}],"version-history":[{"count":1,"href":"https:\/\/prolightafrica.org\/fr\/wp-json\/wp\/v2\/pages\/2152\/revisions"}],"predecessor-version":[{"id":2440,"href":"https:\/\/prolightafrica.org\/fr\/wp-json\/wp\/v2\/pages\/2152\/revisions\/2440"}],"wp:featuredmedia":[{"embeddable":true,"href":"https:\/\/prolightafrica.org\/fr\/wp-json\/"}],"wp:attachment":[{"href":"https:\/\/prolightafrica.org\/fr\/wp-json\/wp\/v2\/media?parent=2152"}],"curies":[{"name":"wp","href":"https:\/\/api.w.org\/{rel}","templated":true}]}}