{"id":2149,"date":"2024-07-19T08:02:57","date_gmt":"2024-07-19T06:02:57","guid":{"rendered":"https:\/\/prolightafrica.org\/gestion-narrative\/"},"modified":"2026-02-15T12:26:53","modified_gmt":"2026-02-15T11:26:53","slug":"gestion-narrative","status":"publish","type":"page","link":"https:\/\/prolightafrica.org\/fr\/gestion-narrative\/","title":{"rendered":"Gestion Narrative"},"content":{"rendered":"","protected":false},"excerpt":{"rendered":"<p><!-- Built With Bricks --><\/p>\n","protected":false},"author":1,"featured_media":2494,"parent":0,"menu_order":0,"comment_status":"closed","ping_status":"closed","template":"","meta":{"_seopress_robots_primary_cat":"","_seopress_titles_title":"Gestion de la narration pour la paix par le dialogue","_seopress_titles_desc":"Explorez l'approche de NAMA4PD en mati\u00e8re de gestion narrative pour la construction de la paix, en renfor\u00e7ant la communication sociale pour contrer la d\u00e9sinformation dans les r\u00e9gions vuln\u00e9rables.","_seopress_robots_index":"","iawp_total_views":11,"footnotes":""},"class_list":["post-2149","page","type-page","status-publish","has-post-thumbnail"],"_links":{"self":[{"href":"https:\/\/prolightafrica.org\/fr\/wp-json\/wp\/v2\/pages\/2149","targetHints":{"allow":["GET"]}}],"collection":[{"href":"https:\/\/prolightafrica.org\/fr\/wp-json\/wp\/v2\/pages"}],"about":[{"href":"https:\/\/prolightafrica.org\/fr\/wp-json\/wp\/v2\/types\/page"}],"author":[{"embeddable":true,"href":"https:\/\/prolightafrica.org\/fr\/wp-json\/wp\/v2\/users\/1"}],"replies":[{"embeddable":true,"href":"https:\/\/prolightafrica.org\/fr\/wp-json\/wp\/v2\/comments?post=2149"}],"version-history":[{"count":2,"href":"https:\/\/prolightafrica.org\/fr\/wp-json\/wp\/v2\/pages\/2149\/revisions"}],"predecessor-version":[{"id":3352,"href":"https:\/\/prolightafrica.org\/fr\/wp-json\/wp\/v2\/pages\/2149\/revisions\/3352"}],"wp:featuredmedia":[{"embeddable":true,"href":"https:\/\/prolightafrica.org\/fr\/wp-json\/wp\/v2\/media\/2494"}],"wp:attachment":[{"href":"https:\/\/prolightafrica.org\/fr\/wp-json\/wp\/v2\/media?parent=2149"}],"curies":[{"name":"wp","href":"https:\/\/api.w.org\/{rel}","templated":true}]}}