{"id":2147,"date":"2024-07-19T20:22:08","date_gmt":"2024-07-19T18:22:08","guid":{"rendered":"https:\/\/prolightafrica.org\/mentions-legales\/"},"modified":"2024-11-21T09:44:54","modified_gmt":"2024-11-21T08:44:54","slug":"mentions-legales","status":"publish","type":"page","link":"https:\/\/prolightafrica.org\/fr\/mentions-legales\/","title":{"rendered":"Mentions l\u00e9gales"},"content":{"rendered":"\n<p>D\u00e9tails selon \u00a7 5 TMG<\/p>\n\n<p>Project Lighthouse Africa e.V.<br\/>Leonhardtstr. 7<br\/>14057 Berlin, Allemagne<br\/>Registre des associations : VR 39314<br\/>Cour d&rsquo;enregistrement : Amtsgericht Charlottenburg<\/p>\n\n<p><strong>Repr\u00e9sent\u00e9 par :<\/strong><br\/>Matthias Duchscherer<\/p>\n\n<h3 class=\"wp-block-heading\">Contact<\/h3>\n\n<p>T\u00e9l\u00e9phone : +49 (0) 171 471 0839<br\/>Courriel : contact@prolightafrica.org<\/p>\n\n<h3 class=\"wp-block-heading\">R\u00e9solution des litiges de consommation\/conseil d&rsquo;arbitrage universel<\/h3>\n\n<p>Nous ne sommes pas dispos\u00e9s ou oblig\u00e9s de participer \u00e0 une proc\u00e9dure de r\u00e8glement des litiges devant une commission d&rsquo;arbitrage des consommateurs.<\/p>\n\n<h3 class=\"wp-block-heading\">Avis de droit d&rsquo;auteur<\/h3>\n\n<p>Tous les contenus de ce site, en particulier les textes, les photographies et les graphiques, sont prot\u00e9g\u00e9s par le droit d&rsquo;auteur. Les droits d&rsquo;auteur sont d\u00e9tenus par Project Lighthouse Africa e.V., sauf indication contraire expresse. Veuillez nous demander si vous souhaitez utiliser le contenu de ce site web.<\/p>\n\n<p>Quiconque viole le droit d&rsquo;auteur (par exemple en copiant des images ou des textes sans autorisation), est passible de poursuites judiciaires conform\u00e9ment aux \u00a7\u00a7 106 et suivants UrhG (loi allemande sur le droit d&rsquo;auteur), sera \u00e9galement averti des frais et devra payer des dommages et int\u00e9r\u00eats (\u00a7 97 UrhG).<\/p>\n\n<p><strong>Images de Dario Krakowski<\/strong><\/p>\n","protected":false},"excerpt":{"rendered":"<p>D\u00e9tails selon \u00a7 5 TMG Project Lighthouse Africa e.V.Leonhardtstr. 714057 Berlin, AllemagneRegistre des associations : VR 39314Cour d&rsquo;enregistrement : Amtsgericht Charlottenburg Repr\u00e9sent\u00e9 par :Matthias Duchscherer Contact T\u00e9l\u00e9phone : +49 (0) 171 471 0839Courriel : contact@prolightafrica.org R\u00e9solution des litiges de consommation\/conseil d&rsquo;arbitrage universel Nous ne sommes pas dispos\u00e9s ou oblig\u00e9s de participer \u00e0 une proc\u00e9dure de [&hellip;]<\/p>\n","protected":false},"author":1,"featured_media":0,"parent":0,"menu_order":0,"comment_status":"closed","ping_status":"closed","template":"","meta":{"_seopress_robots_primary_cat":"","_seopress_titles_title":"","_seopress_titles_desc":"","_seopress_robots_index":"","iawp_total_views":5,"footnotes":""},"class_list":["post-2147","page","type-page","status-publish"],"_links":{"self":[{"href":"https:\/\/prolightafrica.org\/fr\/wp-json\/wp\/v2\/pages\/2147","targetHints":{"allow":["GET"]}}],"collection":[{"href":"https:\/\/prolightafrica.org\/fr\/wp-json\/wp\/v2\/pages"}],"about":[{"href":"https:\/\/prolightafrica.org\/fr\/wp-json\/wp\/v2\/types\/page"}],"author":[{"embeddable":true,"href":"https:\/\/prolightafrica.org\/fr\/wp-json\/wp\/v2\/users\/1"}],"replies":[{"embeddable":true,"href":"https:\/\/prolightafrica.org\/fr\/wp-json\/wp\/v2\/comments?post=2147"}],"version-history":[{"count":4,"href":"https:\/\/prolightafrica.org\/fr\/wp-json\/wp\/v2\/pages\/2147\/revisions"}],"predecessor-version":[{"id":3632,"href":"https:\/\/prolightafrica.org\/fr\/wp-json\/wp\/v2\/pages\/2147\/revisions\/3632"}],"wp:attachment":[{"href":"https:\/\/prolightafrica.org\/fr\/wp-json\/wp\/v2\/media?parent=2147"}],"curies":[{"name":"wp","href":"https:\/\/api.w.org\/{rel}","templated":true}]}}