{"id":2146,"date":"2024-07-18T09:13:45","date_gmt":"2024-07-18T07:13:45","guid":{"rendered":"https:\/\/prolightafrica.org\/accueil\/"},"modified":"2026-03-24T12:46:59","modified_gmt":"2026-03-24T11:46:59","slug":"accueil","status":"publish","type":"page","link":"https:\/\/prolightafrica.org\/fr\/","title":{"rendered":"Accueil"},"content":{"rendered":"","protected":false},"excerpt":{"rendered":"","protected":false},"author":1,"featured_media":2498,"parent":0,"menu_order":0,"comment_status":"closed","ping_status":"closed","template":"","meta":{"_seopress_robots_primary_cat":"","_seopress_titles_title":"Project Lighthouse Africa : Autonomiser les communaut\u00e9s, renforcer la r\u00e9silience","_seopress_titles_desc":"Project Lighthouse Africa favorise le d\u00e9veloppement durable et la stabilit\u00e9 des communaut\u00e9s africaines gr\u00e2ce \u00e0 des approches int\u00e9gr\u00e9es. En savoir plus ! ","_seopress_robots_index":"","iawp_total_views":45,"footnotes":""},"class_list":["post-2146","page","type-page","status-publish","has-post-thumbnail"],"_links":{"self":[{"href":"https:\/\/prolightafrica.org\/fr\/wp-json\/wp\/v2\/pages\/2146","targetHints":{"allow":["GET"]}}],"collection":[{"href":"https:\/\/prolightafrica.org\/fr\/wp-json\/wp\/v2\/pages"}],"about":[{"href":"https:\/\/prolightafrica.org\/fr\/wp-json\/wp\/v2\/types\/page"}],"author":[{"embeddable":true,"href":"https:\/\/prolightafrica.org\/fr\/wp-json\/wp\/v2\/users\/1"}],"replies":[{"embeddable":true,"href":"https:\/\/prolightafrica.org\/fr\/wp-json\/wp\/v2\/comments?post=2146"}],"version-history":[{"count":1,"href":"https:\/\/prolightafrica.org\/fr\/wp-json\/wp\/v2\/pages\/2146\/revisions"}],"predecessor-version":[{"id":2424,"href":"https:\/\/prolightafrica.org\/fr\/wp-json\/wp\/v2\/pages\/2146\/revisions\/2424"}],"wp:featuredmedia":[{"embeddable":true,"href":"https:\/\/prolightafrica.org\/fr\/wp-json\/wp\/v2\/media\/2498"}],"wp:attachment":[{"href":"https:\/\/prolightafrica.org\/fr\/wp-json\/wp\/v2\/media?parent=2146"}],"curies":[{"name":"wp","href":"https:\/\/api.w.org\/{rel}","templated":true}]}}