{"id":2144,"date":"2024-07-19T19:21:43","date_gmt":"2024-07-19T17:21:43","guid":{"rendered":"https:\/\/prolightafrica.org\/a-propos-de-nous\/"},"modified":"2026-02-15T12:22:52","modified_gmt":"2026-02-15T11:22:52","slug":"a-propos-de-nous","status":"publish","type":"page","link":"https:\/\/prolightafrica.org\/fr\/a-propos-de-nous\/","title":{"rendered":"A propos de nous"},"content":{"rendered":"","protected":false},"excerpt":{"rendered":"","protected":false},"author":1,"featured_media":0,"parent":0,"menu_order":0,"comment_status":"closed","ping_status":"closed","template":"","meta":{"_seopress_robots_primary_cat":"","_seopress_titles_title":"\u00c0 propos de nous - \u00c9quipe d'experts internationaux du projet Lighthouse Africa","_seopress_titles_desc":"D\u00e9couvrez qui nous sommes ! Notre \u00e9quipe internationale cr\u00e9e des solutions innovantes pour le d\u00e9veloppement durable, en mettant l'accent sur la s\u00e9curit\u00e9 et la stabilit\u00e9. ","_seopress_robots_index":"","iawp_total_views":1,"footnotes":""},"class_list":["post-2144","page","type-page","status-publish"],"_links":{"self":[{"href":"https:\/\/prolightafrica.org\/fr\/wp-json\/wp\/v2\/pages\/2144","targetHints":{"allow":["GET"]}}],"collection":[{"href":"https:\/\/prolightafrica.org\/fr\/wp-json\/wp\/v2\/pages"}],"about":[{"href":"https:\/\/prolightafrica.org\/fr\/wp-json\/wp\/v2\/types\/page"}],"author":[{"embeddable":true,"href":"https:\/\/prolightafrica.org\/fr\/wp-json\/wp\/v2\/users\/1"}],"replies":[{"embeddable":true,"href":"https:\/\/prolightafrica.org\/fr\/wp-json\/wp\/v2\/comments?post=2144"}],"version-history":[{"count":1,"href":"https:\/\/prolightafrica.org\/fr\/wp-json\/wp\/v2\/pages\/2144\/revisions"}],"predecessor-version":[{"id":2435,"href":"https:\/\/prolightafrica.org\/fr\/wp-json\/wp\/v2\/pages\/2144\/revisions\/2435"}],"wp:attachment":[{"href":"https:\/\/prolightafrica.org\/fr\/wp-json\/wp\/v2\/media?parent=2144"}],"curies":[{"name":"wp","href":"https:\/\/api.w.org\/{rel}","templated":true}]}}