{"id":3484,"date":"2024-09-19T15:19:36","date_gmt":"2024-09-19T13:19:36","guid":{"rendered":"https:\/\/prolightafrica.org\/narrative-management\/wie-funktioniert-nama4pd\/"},"modified":"2024-11-21T10:30:40","modified_gmt":"2024-11-21T09:30:40","slug":"wie-funktioniert-nama4pd","status":"publish","type":"page","link":"https:\/\/prolightafrica.org\/de\/narrative-management\/wie-funktioniert-nama4pd\/","title":{"rendered":"Wie funktioniert NAMA4PD?"},"content":{"rendered":"\n<figure class=\"wp-block-image size-full\"><img decoding=\"async\" width=\"1600\" height=\"1066\" src=\"https:\/\/prolightafrica.org\/wp-content\/uploads\/2024\/08\/NM-WS-Gambia-Talk-with-DCHOD.jpg\" alt=\"\" class=\"wp-image-2543\" srcset=\"https:\/\/prolightafrica.org\/wp-content\/uploads\/2024\/08\/NM-WS-Gambia-Talk-with-DCHOD.jpg 1600w, https:\/\/prolightafrica.org\/wp-content\/uploads\/2024\/08\/NM-WS-Gambia-Talk-with-DCHOD-768x512.jpg 768w, https:\/\/prolightafrica.org\/wp-content\/uploads\/2024\/08\/NM-WS-Gambia-Talk-with-DCHOD-1536x1023.jpg 1536w\" sizes=\"(max-width: 1600px) 100vw, 1600px\" \/><figcaption class=\"wp-element-caption\">Mehrere Nebengespr\u00e4che w\u00e4hrend des Gambia-Workshops vervollst\u00e4ndigten das aktuelle Lagebild.\nHier mit dem stellvertretenden Chef des Verteidigungsstabs der gambischen Streitkr\u00e4fte. <\/figcaption><\/figure>\n\n<blockquote class=\"wp-block-quote is-layout-flow wp-block-quote-is-layout-flow\">\n<p>NAMA4PD arbeitet, indem es spaltende Narrative in konfliktanf\u00e4lligen Gebieten identifiziert und deren Einfluss durch die St\u00e4rkung der lokalen Widerstandsf\u00e4higkeit entgegenwirkt.<\/p>\n\n\n\n<p><\/p>\n<\/blockquote>\n\n<h2 class=\"wp-block-heading\">Funktionen<\/h2>\n\n<p><\/p>\n\n<p><strong>Konsequente Bottom-up-Logik:<\/strong> Die Verbreitung von Desinformation und die Beseitigung von Informationsdefiziten beginnt bei den einzelnen B\u00fcrgern vor Ort und ihren individuellen Kommunikationsgewohnheiten.<br\/>In der hochmobilen, vernetzten Medienlandschaft Westafrikas sind sie oft die ersten Empf\u00e4nger und Adressaten von Propaganda und Falschmeldungen, was sie zu Schl\u00fcsselakteuren macht.<br\/>Daher sollten sie im Mittelpunkt der Kommunikationsbem\u00fchungen stehen. Der Ansatz erg\u00e4nzt somit bestehende Bem\u00fchungen, Desinformation zu \u00fcberwachen, Falschinformationen zu entlarven oder den Journalismus zu st\u00e4rken.  <\/p>\n\n<p><strong>Ein ganzheitlicher Kommunikationsansatz:<\/strong> NAMA4PD beschr\u00e4nkt sich nicht auf isolierte Aktivit\u00e4ten wie Faktenpr\u00fcfung, sondern zielt darauf ab, die lokale Bev\u00f6lkerung umfassend zu bef\u00e4higen, sich ihrer eigenen Rolle und Verantwortung als Empf\u00e4nger und Verbreiter von Kommunikations- und Medieninhalten bewusst zu werden.<\/p>\n\n<p>Sie sollten lernen, ihre eigenen positiven Erz\u00e4hlungen \u00fcber ihre Identit\u00e4t, ihren Lebensunterhalt und ihre Entwicklungsziele in den lokalen Sprachen zu formulieren, um so widerstandsf\u00e4higer gegen manipulative Erz\u00e4hlungen zu werden.<\/p>\n\n<p><strong>Umfassende Vernetzung<\/strong>: Da Desinformation und Propaganda in der Regel bestehende Missst\u00e4nde und Probleme ausnutzen, indem sie zum Beispiel vermeintliche Schuldige benennen, k\u00f6nnen Kommunikationsma\u00dfnahmen allein nicht langfristig erfolgreich sein.<br\/>Ma\u00dfnahmen allein k\u00f6nnen nicht langfristig erfolgreich sein.  <\/p>\n\n<p>Gleichzeitig m\u00fcssen sie Br\u00fccken zu anderen Projekten (St\u00e4rkung der Sicherheit, Entwicklung sozialer und wirtschaftlicher Perspektiven f\u00fcr Frauen und junge Menschen) schlagen, um den Menschen M\u00f6glichkeiten zu er\u00f6ffnen, diese realen Probleme auf substanzielle Weise zu \u00fcberwinden, und zwar \u00fcber die Entwicklung von Empowerment-Narrativen hinaus.<\/p>\n\n<p><strong>Selbsttragende, nachhaltige Struktur<\/strong>: NAMA4PD bezieht wichtige lokale und regionale Interessengruppen in alle Phasen des Projekts ein &#8211; von der Erfassung von Daten \u00fcber lokale Medien, soziale und wirtschaftliche Bedingungen bis hin zur Entwicklung geeigneter Kommunikationsma\u00dfnahmen und der Umsetzung von Programmen.  <\/p>\n\n<p>Durch einen Train-the-Trainer-Ansatz wird sichergestellt, dass lokale Gemeinschaften ihr Wissen und ihre F\u00e4higkeiten untereinander und mit anderen Gemeinschaften austauschen und kontinuierlich aktualisieren, auch ohne externe Hilfe.<\/p>\n\n<h2 class=\"wp-block-heading\">Ma\u00dfnahmen<\/h2>\n\n<p><\/p>\n\n<p><strong>Wissenschaftlich fundierte Erhebung aktueller Daten<\/strong> zu den lokalen Kommunikations\u00f6kosystemen, einschlie\u00dflich Influencer-Strukturen, Kommunikationskan\u00e4len und Mediennutzungsmustern, als Grundlage f\u00fcr die zu entwickelnden Kommunikations- und Schulungsma\u00dfnahmen.<\/p>\n\n<p>Aufbau und Pflege regionaler, <strong>sektoren\u00fcbergreifender und interreligi\u00f6ser Netzwerke<\/strong> mit Schl\u00fcsselakteuren, die die lokale, nationale, regionale und internationale Ebene miteinander verbinden, um Bem\u00fchungen zum Aufbau friedensf\u00f6rdernder Informationsstrukturen in der lokalen und regionalen Gesellschaft zu verankern und ihre Nachhaltigkeit zu st\u00e4rken.<\/p>\n\n<p><strong>Partizipative Entwicklung von Train-the-Trainer-Methoden<\/strong>, die in die lokalen Kulturen eingebettet sind, um Desinformation zu erkennen, Quellen zu bewerten und Medien- und Kommunikationsf\u00e4higkeiten zu st\u00e4rken, um Wissen an einen gr\u00f6\u00dferen Kreis von Schl\u00fcsselakteuren weiterzugeben und lokale Akteure zu bef\u00e4higen, selbst zuverl\u00e4ssige Informationen \u00fcber geeignete Kan\u00e4le und das NAMA4PD-Netzwerk als Kommunikator zu verbreiten.<\/p>\n\n<p><strong>Einrichtung von &#8217;sozialen Informationszentren&#8216;<\/strong>, einer Kombination aus physischen und digitalen Orten, an denen verl\u00e4ssliche Informationen ausgetauscht werden und die auch als Fr\u00fchwarnsystem dienen, um Desinformationen, st\u00f6rende Narrative und den Einfluss und die destabilisierenden Aktivit\u00e4ten radikaler, krimineller und terroristischer Akteure zu erkennen.  <\/p>\n\n<p>Idealerweise sollten soziale Informationszentren physische Orte sein, die so konzipiert sind, dass Menschen sich dort auf gesch\u00fctzte Weise treffen und austauschen k\u00f6nnen, und an denen neben pers\u00f6nlichen Gespr\u00e4chen auch technische Infrastrukturen zur Verf\u00fcgung stehen, um Informationen zu speichern, zu hinterlassen, zu kommentieren und mit anderen zu teilen.<\/p>\n\n<p><strong>Vernetzung mit Projekten und Akteuren in benachbarten Sektoren<\/strong>, insbesondere in den Bereichen \u201eSicherheit\u201c und \u201ePerspektivenentwicklung\u201c. Einerseits ist die physische Sicherheit eine wichtige Voraussetzung f\u00fcr eine offene und respektvolle Kommunikation und Konfliktl\u00f6sung. <\/p>\n\n<p>Andererseits tr\u00e4gt die Abwehr von spaltender und konflikttreibender Desinformation und Propaganda wesentlich zur St\u00e4rkung des Sicherheitsgef\u00fchls bei. Der Kampf gegen kommunikative Destabilisierung kann zudem nur dann langfristig erfolgreich sein, wenn die Ursachen von Konflikten bek\u00e4mpft werden, die f\u00fcr Propaganda und Hass instrumentalisiert werden k\u00f6nnen. Die Verkn\u00fcpfung von NAMA4PD-Ma\u00dfnahmen mit lokalen Entwicklungsprojekten ist daher eine Kernaktivit\u00e4t des Konzepts.  <\/p>\n","protected":false},"excerpt":{"rendered":"<p>NAMA4PD arbeitet, indem es spaltende Narrative in konfliktanf\u00e4lligen Gebieten identifiziert und deren Einfluss durch die St\u00e4rkung der lokalen Widerstandsf\u00e4higkeit entgegenwirkt. Funktionen Konsequente Bottom-up-Logik: Die Verbreitung von Desinformation und die Beseitigung von Informationsdefiziten beginnt bei den einzelnen B\u00fcrgern vor Ort und ihren individuellen Kommunikationsgewohnheiten.In der hochmobilen, vernetzten Medienlandschaft Westafrikas sind sie oft die ersten Empf\u00e4nger und [&hellip;]<\/p>\n","protected":false},"author":2,"featured_media":2495,"parent":2917,"menu_order":0,"comment_status":"closed","ping_status":"closed","template":"","meta":{"_seopress_robots_primary_cat":"","_seopress_titles_title":"Narrative Management f\u00fcr Frieden durch Dialog","_seopress_titles_desc":"Erfahren Sie mehr \u00fcber den Ansatz von NAMA4PD zum Narrative Management f\u00fcr die F\u00f6rderung des Friedens und zur St\u00e4rkung der sozialen Kommunikation, um Desinformation in gef\u00e4hrdeten Regionen entgegenzuwirken.","_seopress_robots_index":"","iawp_total_views":25,"footnotes":""},"class_list":["post-3484","page","type-page","status-publish","has-post-thumbnail"],"_links":{"self":[{"href":"https:\/\/prolightafrica.org\/de\/wp-json\/wp\/v2\/pages\/3484","targetHints":{"allow":["GET"]}}],"collection":[{"href":"https:\/\/prolightafrica.org\/de\/wp-json\/wp\/v2\/pages"}],"about":[{"href":"https:\/\/prolightafrica.org\/de\/wp-json\/wp\/v2\/types\/page"}],"author":[{"embeddable":true,"href":"https:\/\/prolightafrica.org\/de\/wp-json\/wp\/v2\/users\/2"}],"replies":[{"embeddable":true,"href":"https:\/\/prolightafrica.org\/de\/wp-json\/wp\/v2\/comments?post=3484"}],"version-history":[{"count":2,"href":"https:\/\/prolightafrica.org\/de\/wp-json\/wp\/v2\/pages\/3484\/revisions"}],"predecessor-version":[{"id":3668,"href":"https:\/\/prolightafrica.org\/de\/wp-json\/wp\/v2\/pages\/3484\/revisions\/3668"}],"up":[{"embeddable":true,"href":"https:\/\/prolightafrica.org\/de\/wp-json\/wp\/v2\/pages\/2917"}],"wp:featuredmedia":[{"embeddable":true,"href":"https:\/\/prolightafrica.org\/de\/wp-json\/wp\/v2\/media\/2495"}],"wp:attachment":[{"href":"https:\/\/prolightafrica.org\/de\/wp-json\/wp\/v2\/media?parent=3484"}],"curies":[{"name":"wp","href":"https:\/\/api.w.org\/{rel}","templated":true}]}}