{"id":3483,"date":"2024-09-19T15:19:11","date_gmt":"2024-09-19T13:19:11","guid":{"rendered":"https:\/\/prolightafrica.org\/narrative-management\/piliers-de-la-securite-de-la-communication-et-du-developpement\/"},"modified":"2026-03-24T15:10:00","modified_gmt":"2026-03-24T14:10:00","slug":"piliers-de-la-securite-de-la-communication-et-du-developpement","status":"publish","type":"page","link":"https:\/\/prolightafrica.org\/de\/narrative-management\/piliers-de-la-securite-de-la-communication-et-du-developpement\/","title":{"rendered":"Eckpfeiler f\u00fcr Sicherheit, Kommunikation und Entwicklung"},"content":{"rendered":"\n<figure class=\"wp-block-image size-large\"><img decoding=\"async\" width=\"1920\" height=\"1440\" src=\"https:\/\/prolightafrica.org\/wp-content\/uploads\/\/img_2360-1920x1440.jpeg\" alt=\"Gruppe von M&#xE4;nnern in Tamale, Ghana\" class=\"wp-image-3037\" srcset=\"https:\/\/prolightafrica.org\/wp-content\/uploads\/img_2360-1920x1440.jpeg 1920w, https:\/\/prolightafrica.org\/wp-content\/uploads\/img_2360-768x576.jpeg 768w, https:\/\/prolightafrica.org\/wp-content\/uploads\/img_2360-1536x1152.jpeg 1536w, https:\/\/prolightafrica.org\/wp-content\/uploads\/img_2360.jpeg 2048w\" sizes=\"(max-width: 1920px) 100vw, 1920px\" \/><\/figure>\n\n<p><strong>Sicherheit<\/strong>: NAMA4PD konzentriert sich auf die Stabilisierung konflikttr\u00e4chtiger Regionen, indem es Propaganda und Desinformation entgegenwirkt, die lokale Spaltungen ausnutzen. Die Initiative arbeitet mit Sicherheitsakteuren zusammen, um Gewalt zu verhindern und den Frieden zu erhalten. <\/p>\n\n<p><strong>Kommunikation<\/strong>: Im Mittelpunkt des Programms steht die St\u00e4rkung von Kommunikationsnetzen, um die Widerstandsf\u00e4higkeit gegen\u00fcber spaltenden Narrativen zu erh\u00f6hen. Es schult lokale Gruppen in Medienkompetenz und bef\u00e4higt sie, Desinformation zu erkennen und zu bek\u00e4mpfen. <\/p>\n\n<p><strong>Entwicklung<\/strong>: Wirtschaftliche und soziale Entwicklung sind der Schl\u00fcssel. Durch die F\u00f6rderung lokaler und internationaler Partnerschaften verkn\u00fcpft NAMA4PD Friedenskonsolidierung mit nachhaltigen Entwicklungsinitiativen, um langfristige Stabilit\u00e4t zu gew\u00e4hrleisten. <\/p>\n<div class=\"wp-block-image \">\n<figure class=\"alignleft is-resized\"><a href=\"https:\/\/prolightafrica.org\/wp-content\/uploads\/2024\/08\/NM-Group-Foto-WS-Gambia.jpg\"><img decoding=\"async\" src=\"https:\/\/prolightafrica.org\/wp-content\/uploads\/2024\/08\/NM-Group-Foto-WS-Gambia.jpg\" alt=\"Bild von Workshop-Teilnehmern\" class=\"wp-image-248\" style=\"width:400px\"\/><\/a><\/figure>\n<\/div>\n<h2 class=\"wp-block-heading\"><strong>Integrieren<\/strong><\/h2>\n\n<p>Ein erster Schwerpunkt von NAMA4PD ist es, m\u00f6glichst viele Akteure aus der internationalen Sicherheits- und Entwicklungsarchitektur einzubinden, um sie f\u00fcr diese besonders relevante Kommunikationsdimension zu sensibilisieren, sie in NM-Aktivit\u00e4ten einzubeziehen und zu verhindern, dass Projekte einander zuwiderlaufen oder sich \u00fcberschneiden.<\/p>\n\n<h2 class=\"wp-block-heading\"><strong>Kommunikation st\u00e4rken<\/strong><\/h2>\n\n<p>Ein zweiter Schwerpunkt liegt daher darauf, die Kommunikation zwischen B\u00fcrgern und anderen relevanten Akteuren in gef\u00e4hrdeten Regionen besser zu verstehen und zu st\u00e4rken: Nach einer wissenschaftlichen Datenerhebung wird ein Schulungskonzept entwickelt und umgesetzt, das es Journalisten, B\u00fcrgern und anderen relevanten Akteuren erm\u00f6glicht, Propaganda und Desinformation zu erkennen und zuverl\u00e4ssige Informationen in ihren pers\u00f6nlichen Kommunikationsnetzwerken zu finden und zu verbreiten.<\/p>\n\n<h2 class=\"wp-block-heading\"><strong>F\u00f6rderung des sozialen Zusammenhalts<\/strong><\/h2>\n<div class=\"wp-block-image \">\n<figure class=\"alignright is-resized\"><a href=\"https:\/\/prolightafrica.org\/wp-content\/uploads\/2024\/08\/NAMA4PD-Group-scaled.jpg\"><img decoding=\"async\" src=\"https:\/\/prolightafrica.org\/wp-content\/uploads\/2024\/08\/NAMA4PD-Group-scaled.jpg\" alt=\"Gruppe von Teilnehmern am NAMA4PD-Workshop im Senegal\" class=\"wp-image-549\" style=\"width:400px\"\/><\/a><\/figure>\n<\/div>\n<p>Der dritte Schwerpunkt des Konzepts liegt auf der individuellen Wahrnehmung von Perspektiven und deren Entwicklung, insbesondere f\u00fcr die j\u00fcngere Generation. Prim\u00e4r f\u00fcr die Entwicklung von Perspektiven ist die F\u00f6rderung von sozialem Zusammenhalt und Partizipation, da aktive Partizipation der Kern ist, um Hoffnungslosigkeit und trennende Ph\u00e4nomene abzubauen und damit der Entwicklung regionaler Krisenvoraussetzungen entgegenzuwirken.  Kommunikation wird auch hier ein wesentliches Element sein, um Erwartungen zu moderieren und Zugang zu verl\u00e4sslichen Informationen aus Netzwerken angesehener, erfahrener und ausdr\u00fccklich junger Mentoren zu erm\u00f6glichen, die bei der Orientierung in Bezug auf individuelle Perspektiven helfen.<\/p>\n\n<p>Eine Orientierung, die besonders gebildeten jungen Menschen hilft ihre eigene Situation besser einzusch\u00e4tzen und im Bewusstsein ihrer eigenen F\u00e4higkeiten geeignete Strategien zu entwickeln, um sie zu verbessern. Zu den spezifischen Unterst\u00fctzungsma\u00dfnahmen f\u00fcr Frauen geh\u00f6rt die Einbindung in Netzwerke zum narrativen Management. Dies geschieht durch verschiedene Programme wie Mentoring, Coaching, Schulungen und Start-up-Camps.<\/p>\n<div class=\"wp-block-image \">\n<figure class=\"alignleft is-resized\"><a href=\"https:\/\/prolightafrica.org\/wp-content\/uploads\/2024\/08\/Common-Effort-Logo_no-motto.png\"><img decoding=\"async\" src=\"https:\/\/prolightafrica.org\/wp-content\/uploads\/2024\/08\/Common-Effort-Logo_no-motto.png\" alt=\"Logo der &#x201E;Common Effort Community&#x201C;\" class=\"wp-image-550\" style=\"aspect-ratio:1;object-fit:cover;width:300px\"\/><\/a><\/figure>\n<\/div>\n<h2 class=\"wp-block-heading\"><strong>Common Effort Community<\/strong><\/h2>\n\n<p>F\u00fcr NAMA4PD, ein etabliertes und vertrauensw\u00fcrdiges Netzwerk im Spannungsfeld von Entwicklung und Sicherheit \u2013 Kommunikation \u2013 ist die Entwicklung von Perspektiven die Grundlage und Klammer aller Aktivit\u00e4ten. Vorbild f\u00fcr dieses Netzwerk ist die <strong><a href=\"https:\/\/common-effort.org\/\" target=\"_blank\" rel=\"noreferrer noopener\">Common Effort Community<\/a><\/strong>, die 2010 vom 1 German-Netherlands Corps gegr\u00fcndet wurde und derzeit mehr als 60 zivile, milit\u00e4rische, staatliche und nichtstaatliche Organisationen, haupts\u00e4chlich aus Deutschland und den Niederlanden, umfasst, mit Schwerpunkt auf zivil-milit\u00e4rischer Zusammenarbeit und der <strong>praktischen Umsetzung des <a href=\"https:\/\/www.zif-berlin.org\/en\/comprehensive-approach\" target=\"_blank\" rel=\"noreferrer noopener\">vernetzten Ansatzes (integrierter Ansatz)<\/a><\/strong>.  Das NAMA4PD-Konzept hat sich in den letzten drei Jahren und in zahlreichen Workshops der Common Effort Community unter Beteiligung der Ministerien BMVg, AA und BMZ entwickelt.<\/p>\n","protected":false},"excerpt":{"rendered":"<p>Sicherheit: NAMA4PD konzentriert sich auf die Stabilisierung konflikttr\u00e4chtiger Regionen, indem es Propaganda und Desinformation entgegenwirkt, die lokale Spaltungen ausnutzen. Die Initiative arbeitet mit Sicherheitsakteuren zusammen, um Gewalt zu verhindern und den Frieden zu erhalten. Kommunikation: Im Mittelpunkt des Programms steht die St\u00e4rkung von Kommunikationsnetzen, um die Widerstandsf\u00e4higkeit gegen\u00fcber spaltenden Narrativen zu erh\u00f6hen. Es schult lokale [&hellip;]<\/p>\n","protected":false},"author":2,"featured_media":2495,"parent":2917,"menu_order":0,"comment_status":"closed","ping_status":"closed","template":"","meta":{"_seopress_robots_primary_cat":"","_seopress_titles_title":"St\u00e4rkung von Sicherheit und Entwicklung durch NAMA4PD","_seopress_titles_desc":"NAMA4PD stabilisiert Regionen durch Sicherheit, Kommunikation und Entwicklung, indem es der Propaganda entgegenwirkt und Gewalt verhindert.","_seopress_robots_index":"","iawp_total_views":8,"footnotes":""},"class_list":["post-3483","page","type-page","status-publish","has-post-thumbnail"],"_links":{"self":[{"href":"https:\/\/prolightafrica.org\/de\/wp-json\/wp\/v2\/pages\/3483","targetHints":{"allow":["GET"]}}],"collection":[{"href":"https:\/\/prolightafrica.org\/de\/wp-json\/wp\/v2\/pages"}],"about":[{"href":"https:\/\/prolightafrica.org\/de\/wp-json\/wp\/v2\/types\/page"}],"author":[{"embeddable":true,"href":"https:\/\/prolightafrica.org\/de\/wp-json\/wp\/v2\/users\/2"}],"replies":[{"embeddable":true,"href":"https:\/\/prolightafrica.org\/de\/wp-json\/wp\/v2\/comments?post=3483"}],"version-history":[{"count":8,"href":"https:\/\/prolightafrica.org\/de\/wp-json\/wp\/v2\/pages\/3483\/revisions"}],"predecessor-version":[{"id":4150,"href":"https:\/\/prolightafrica.org\/de\/wp-json\/wp\/v2\/pages\/3483\/revisions\/4150"}],"up":[{"embeddable":true,"href":"https:\/\/prolightafrica.org\/de\/wp-json\/wp\/v2\/pages\/2917"}],"wp:featuredmedia":[{"embeddable":true,"href":"https:\/\/prolightafrica.org\/de\/wp-json\/wp\/v2\/media\/2495"}],"wp:attachment":[{"href":"https:\/\/prolightafrica.org\/de\/wp-json\/wp\/v2\/media?parent=3483"}],"curies":[{"name":"wp","href":"https:\/\/api.w.org\/{rel}","templated":true}]}}