{"id":3482,"date":"2024-09-19T15:20:04","date_gmt":"2024-09-19T13:20:04","guid":{"rendered":"https:\/\/prolightafrica.org\/narrative-management\/umsetzung\/"},"modified":"2026-03-24T15:25:27","modified_gmt":"2026-03-24T14:25:27","slug":"umsetzung","status":"publish","type":"page","link":"https:\/\/prolightafrica.org\/de\/narrative-management\/umsetzung\/","title":{"rendered":"Umsetzung"},"content":{"rendered":"\n<figure class=\"wp-block-image size-large\"><img decoding=\"async\" width=\"1920\" height=\"1280\" src=\"https:\/\/prolightafrica.org\/wp-content\/uploads\/\/img_8576-1920x1280.jpg\" alt=\"Pferdekarren und Fahrer, die die Gemeinden am Wasserentsalzungskiosk im Norden Senegals, genannt Banneexu Ndox, mit Wasser versorgen\" class=\"wp-image-3436\" srcset=\"https:\/\/prolightafrica.org\/wp-content\/uploads\/img_8576-1920x1280.jpg 1920w, https:\/\/prolightafrica.org\/wp-content\/uploads\/img_8576-768x512.jpg 768w, https:\/\/prolightafrica.org\/wp-content\/uploads\/img_8576-1536x1024.jpg 1536w, https:\/\/prolightafrica.org\/wp-content\/uploads\/img_8576-2048x1365.jpg 2048w\" sizes=\"(max-width: 1920px) 100vw, 1920px\" \/><\/figure>\n\n<h2 class=\"wp-block-heading\">Beginn der Umsetzung NAMA4PD<\/h2>\n<div class=\"wp-block-image \">\n<figure class=\"alignright is-resized\"><img decoding=\"async\" width=\"1512\" height=\"2016\" src=\"https:\/\/prolightafrica.org\/wp-content\/uploads\/image5-rotated.jpeg\" alt=\"&#xC4;lteste der Gemeinden bei einem Gespr&#xE4;ch am Wasserkiosk Banneexu Ndox (Umsetzung von NAMA4PD)\" class=\"wp-image-3441\" style=\"width:400px;height:auto\" srcset=\"https:\/\/prolightafrica.org\/wp-content\/uploads\/image5-rotated.jpeg 1512w, https:\/\/prolightafrica.org\/wp-content\/uploads\/image5-768x1024.jpeg 768w, https:\/\/prolightafrica.org\/wp-content\/uploads\/image5-1152x1536.jpeg 1152w\" sizes=\"(max-width: 1512px) 100vw, 1512px\" \/><\/figure>\n<\/div>\n<p><a href=\"https:\/\/prolightafrica.org\/de\/narrative-management-in-konfliktdynamiken-sondierungsaktivitaeten-und-workshops-in-ghana-gambia-senegal-und-togo\/\">Sondierungsaktivit\u00e4ten<\/a> in Ghana, Gambia und Senegal im Jahr 2021, die von der Hanns-Seidel-Stiftung finanziert und unterst\u00fctzt wurden, legten den Grundstein f\u00fcr die Umsetzung des NAMA4PD-Konzepts in Westafrika und der Sahelzone. Eine <a href=\"https:\/\/www.youtube.com\/watch?v=sRSvjMuhOmc\">Filmdokumentation \u00fcber die Aktivit\u00e4ten im Jahr 2021<\/a> bietet eine gute Einf\u00fchrung in das Konzept.<\/p>\n\n<p>Im Senegal begann mit Unterst\u00fctzung der <a href=\"https:\/\/www.bayern.de\/der-freistaat\/\">Bayerischen Staatskanzlei<\/a> im September 2022 die Gr\u00fcndung einer interreligi\u00f6sen und sektor\u00fcbergreifenden <a href=\"https:\/\/prolightafrica.org\/de\/nama4pd-und-entwicklung-einer-task-force-zur-konfliktvermeidung\/\">Task Force zur Konfliktpr\u00e4vention<\/a> mit der Entwicklung von Ma\u00dfnahmen. Zentrale Elemente waren Workshops mit Akteuren aus Polizei, Milit\u00e4r, Medien, Wirtschaft, Religion, Frauengruppen, Jugend, Kultur, Umwelt, Nichtregierungsorganisationen, Wissenschaft, Politik und Verwaltung. <\/p>\n\n<p>Im Jahr 2024 wird das Wasserentsalzungsprojekt &#8222;B\u00e0nneexu Ndox&#8220; im Norden Senegals und nahe der mauretanischen Grenze in Zusammenarbeit mit senegalesischen und deutschen Partnern entwickelt und ist ein idealer Standort f\u00fcr ein <a href=\"https:\/\/prolightafrica.org\/de\/social-information-hub\/\">soziales Informationszentrum<\/a> im Rahmen der NAMA4PD-Initiative. <\/p>\n\n<p>Das vom Project Lighthouse Africa initiierte Projekt zielt darauf ab, Wasserkioske als soziale Informationszentren an wichtigen regionalen Knotenpunkten strategisch zu platzieren. Diese Knotenpunkte werden als Zentren f\u00fcr regionales Engagement dienen, zuverl\u00e4ssige Informationen liefern und den Informationsaustausch zwischen der Bev\u00f6lkerung erleichtern. Au\u00dferdem werden sie dazu beitragen, eine proaktive Reaktion der Gemeinschaft auf potenzielle Bedrohungen durch kriminelle oder terroristische Aktivit\u00e4ten zu f\u00f6rdern.   <\/p>\n\n<figure class=\"wp-block-embed is-type-video is-provider-youtube wp-block-embed-youtube wp-embed-aspect-16-9 wp-has-aspect-ratio\"><div class=\"wp-block-embed__wrapper\">\n<iframe hcb-fetch-image-from=\"https:\/\/youtu.be\/_6p-5vxL79w\" title=\"&quot;B\u00e0nneexu Ndox&quot; water desalination project - Senegal\" width=\"500\" height=\"281\" src=\"https:\/\/www.youtube.com\/embed\/_6p-5vxL79w?feature=oembed\" frameborder=\"0\" allow=\"accelerometer; autoplay; clipboard-write; encrypted-media; gyroscope; picture-in-picture; web-share\" referrerpolicy=\"strict-origin-when-cross-origin\" allowfullscreen><\/iframe>\n<\/div><figcaption class=\"wp-element-caption\">Wasserentsalzungsprojekt &#8222;B\u00e0nneexu Ndox&#8220; &#8211; Senegal<br>\u00a9 Project Lighthouse Africa 2024<\/figcaption><\/figure>\n\n<figure class=\"wp-block-embed is-type-video is-provider-youtube wp-block-embed-youtube wp-embed-aspect-16-9 wp-has-aspect-ratio\"><div class=\"wp-block-embed__wrapper\">\n<iframe hcb-fetch-image-from=\"https:\/\/youtu.be\/_GIDRBMxYho\" title=\"How is disinformation being used strategically to fuel conflict in West Africa? Senegal - a journey.\" width=\"500\" height=\"281\" src=\"https:\/\/www.youtube.com\/embed\/_GIDRBMxYho?feature=oembed\" frameborder=\"0\" allow=\"accelerometer; autoplay; clipboard-write; encrypted-media; gyroscope; picture-in-picture; web-share\" referrerpolicy=\"strict-origin-when-cross-origin\" allowfullscreen><\/iframe>\n<\/div><figcaption class=\"wp-element-caption\">Wie werden Desinformationen strategisch eingesetzt, um den Konflikt in Westafrika anzuheizen?<br>\u00a9 Project Lighthouse Africa 2023<\/figcaption><\/figure>\n\n<figure class=\"wp-block-embed is-type-video is-provider-youtube wp-block-embed-youtube wp-embed-aspect-16-9 wp-has-aspect-ratio\"><div class=\"wp-block-embed__wrapper\">\n<iframe hcb-fetch-image-from=\"https:\/\/youtu.be\/fLRlCgtVq38\" title=\"Narrative Management for Peace Through Dialogue | #NAMA4PD | Senegal, West Africa | Documentation\" width=\"500\" height=\"281\" src=\"https:\/\/www.youtube.com\/embed\/fLRlCgtVq38?feature=oembed\" frameborder=\"0\" allow=\"accelerometer; autoplay; clipboard-write; encrypted-media; gyroscope; picture-in-picture; web-share\" referrerpolicy=\"strict-origin-when-cross-origin\" allowfullscreen><\/iframe>\n<\/div><figcaption class=\"wp-element-caption\">Narrative Management for Peace Through Dialogue | #NAMA4PD | Senegal, Westafrika | Dokumentation <br>\u00a9 Project Lighthouse Africa 2022<\/figcaption><\/figure>\n\n<figure class=\"wp-block-embed is-type-video is-provider-youtube wp-block-embed-youtube wp-embed-aspect-16-9 wp-has-aspect-ratio\"><div class=\"wp-block-embed__wrapper\">\n<iframe hcb-fetch-image-from=\"https:\/\/youtu.be\/sRSvjMuhOmc\" title=\"Narrative Management in Gambia &amp; Ghana | 2021\" width=\"500\" height=\"281\" src=\"https:\/\/www.youtube.com\/embed\/sRSvjMuhOmc?feature=oembed\" frameborder=\"0\" allow=\"accelerometer; autoplay; clipboard-write; encrypted-media; gyroscope; picture-in-picture; web-share\" referrerpolicy=\"strict-origin-when-cross-origin\" allowfullscreen><\/iframe>\n<\/div><figcaption class=\"wp-element-caption\">Narrative Management for Peace through Dialogue | Ein Dokumentarfilm (15 Minuten), der in das Thema und das Konzept einf\u00fchrt.&nbsp;<br>\u00a9 Project Lighthouse Africa 2021<\/figcaption><\/figure>\n","protected":false},"excerpt":{"rendered":"<p>Beginn der Umsetzung NAMA4PD Sondierungsaktivit\u00e4ten in Ghana, Gambia und Senegal im Jahr 2021, die von der Hanns-Seidel-Stiftung finanziert und unterst\u00fctzt wurden, legten den Grundstein f\u00fcr die Umsetzung des NAMA4PD-Konzepts in Westafrika und der Sahelzone. Eine Filmdokumentation \u00fcber die Aktivit\u00e4ten im Jahr 2021 bietet eine gute Einf\u00fchrung in das Konzept. Im Senegal begann mit Unterst\u00fctzung der [&hellip;]<\/p>\n","protected":false},"author":2,"featured_media":2495,"parent":2917,"menu_order":0,"comment_status":"closed","ping_status":"closed","template":"","meta":{"_seopress_robots_primary_cat":"","_seopress_titles_title":"NAMA4PD-Umsetzung in Westafrika: Eine regionale Erfolgsgeschichte","_seopress_titles_desc":"Erfahren Sie mehr \u00fcber die Umsetzung von NAMA4PD in Westafrika, die F\u00f6rderung des Friedens und die Konfliktpr\u00e4vention durch das Engagement der Gemeinden.","_seopress_robots_index":"","iawp_total_views":16,"footnotes":""},"class_list":["post-3482","page","type-page","status-publish","has-post-thumbnail"],"_links":{"self":[{"href":"https:\/\/prolightafrica.org\/de\/wp-json\/wp\/v2\/pages\/3482","targetHints":{"allow":["GET"]}}],"collection":[{"href":"https:\/\/prolightafrica.org\/de\/wp-json\/wp\/v2\/pages"}],"about":[{"href":"https:\/\/prolightafrica.org\/de\/wp-json\/wp\/v2\/types\/page"}],"author":[{"embeddable":true,"href":"https:\/\/prolightafrica.org\/de\/wp-json\/wp\/v2\/users\/2"}],"replies":[{"embeddable":true,"href":"https:\/\/prolightafrica.org\/de\/wp-json\/wp\/v2\/comments?post=3482"}],"version-history":[{"count":9,"href":"https:\/\/prolightafrica.org\/de\/wp-json\/wp\/v2\/pages\/3482\/revisions"}],"predecessor-version":[{"id":4160,"href":"https:\/\/prolightafrica.org\/de\/wp-json\/wp\/v2\/pages\/3482\/revisions\/4160"}],"up":[{"embeddable":true,"href":"https:\/\/prolightafrica.org\/de\/wp-json\/wp\/v2\/pages\/2917"}],"wp:featuredmedia":[{"embeddable":true,"href":"https:\/\/prolightafrica.org\/de\/wp-json\/wp\/v2\/media\/2495"}],"wp:attachment":[{"href":"https:\/\/prolightafrica.org\/de\/wp-json\/wp\/v2\/media?parent=3482"}],"curies":[{"name":"wp","href":"https:\/\/api.w.org\/{rel}","templated":true}]}}