{"id":3480,"date":"2024-09-19T15:20:26","date_gmt":"2024-09-19T13:20:26","guid":{"rendered":"https:\/\/prolightafrica.org\/narrative-management\/hohe-konnektivitaet-fuer-nama4pd\/"},"modified":"2026-03-24T15:02:29","modified_gmt":"2026-03-24T14:02:29","slug":"hohe-konnektivitaet-fuer-nama4pd","status":"publish","type":"page","link":"https:\/\/prolightafrica.org\/de\/narrative-management\/hohe-konnektivitaet-fuer-nama4pd\/","title":{"rendered":"Hohe Konnektivit\u00e4t f\u00fcr NAMA4PD"},"content":{"rendered":"\n<figure class=\"wp-block-image size-full\"><img decoding=\"async\" width=\"2560\" height=\"1707\" src=\"https:\/\/prolightafrica.org\/wp-content\/uploads\/2024\/08\/panel4_1-scaled-1.jpg\" alt=\"Hohe Konnektivit&#xE4;t Momente auf einem Panel von Common Effort\" class=\"wp-image-2098\" srcset=\"https:\/\/prolightafrica.org\/wp-content\/uploads\/2024\/08\/panel4_1-scaled-1.jpg 2560w, https:\/\/prolightafrica.org\/wp-content\/uploads\/2024\/08\/panel4_1-scaled-1-768x512.jpg 768w, https:\/\/prolightafrica.org\/wp-content\/uploads\/2024\/08\/panel4_1-scaled-1-1536x1024.jpg 1536w, https:\/\/prolightafrica.org\/wp-content\/uploads\/2024\/08\/panel4_1-scaled-1-2048x1366.jpg 2048w\" sizes=\"(max-width: 2560px) 100vw, 2560px\" \/><\/figure>\n\n<h2 class=\"wp-block-heading\">Hohe Konnektivit\u00e4t<\/h2>\n\n<p>Das Konzept ist gut skalierbar auf die Reformpartnerl\u00e4nder der deutschen Entwicklungszusammenarbeit in Afrika und auf afrikanische L\u00e4nder, die von Destabilisierung durch Desinformation und den hybriden Kontext bedroht sind. Dar\u00fcber hinaus bietet NAMA4PD eine hohe Anschlussf\u00e4higkeit im globalen Kontext. <\/p>\n\n<p>VEOs nutzen die Anf\u00e4lligkeit der L\u00e4nder f\u00fcr den Klimawandel, die stockende sozio\u00f6konomische Entwicklung, die hohe Jugendarbeitslosigkeit und ineffiziente Regierungsstrukturen aus. Eine ihrer Hauptstrategien ist die Destabilisierung von L\u00e4ndern durch die Verbreitung von Narrativen, die auf Fake News, Desinformation und Hassreden basieren. Dies untergr\u00e4bt das allgemeine und institutionelle Vertrauen in L\u00e4nder und lokale Gemeinschaften und zerst\u00f6rt den sozialen Zusammenhalt.  <\/p>\n\n<p>F\u00fcr internationale politische Akteure ist es besonders schwierig, effektiv und koh\u00e4rent zu reagieren (Workshop \u201eGemeinsame Anstrengungen 2021 zum <a href=\"https:\/\/common-effort.org\/wp-content\/uploads\/Common-Effort-Sahel-Report.pdf\" target=\"_blank\" rel=\"noreferrer noopener\">G5-Sahel-Bericht<\/a>), da es ihnen an Kenntnissen \u00fcber Kommunikationsnetzwerke, Informationsfl\u00fcsse und F\u00e4higkeiten im Umgang mit Desinformation mangelt und sie nicht \u00fcber geeignete Mittel verf\u00fcgen, um islamistischen Propagandanarrativen wirksam entgegenzutreten.<\/p>\n\n<p>Narrative Management for Peace through Dialogue (NAMA4PD) ist ein Konzept, das die wichtigsten Punkte aus verschiedenen aktuellen Richtlinien (einschlie\u00dflich \u201eKrisen verhindern\u201c, \u201eKonflikte bew\u00e4ltigen\u201c, \u201eFrieden f\u00f6rdern\u201c) und Expertenempfehlungen (einschlie\u00dflich des Berichts der Kommission der deutschen Bundesregierung zu den Ursachen von Flucht) zusammenf\u00fchrt.<\/p>\n\n<p><a href=\"https:\/\/prolightafrica.org\/de\/nama4pd-dokumentarfilm-2023\/\">Das Konzept<\/a> erm\u00f6glicht die praktische Umsetzung von Elementen eines <a href=\"https:\/\/www.nature.com\/articles\/s41598-021-94858-2#:~:text=29%20July%202021-,A%20network%20approach%20to%20rank%20countries%20chasing%20sustainable%20development,-Carla%20Sciarra%2C%20Guido\" target=\"_blank\" rel=\"noreferrer noopener\">vernetzten Ansatzes<\/a> (<a href=\"https:\/\/aer.eu\/integrated-approach-sdgs\/#:~:text=The%20need%20for%20an%20integrated%20approach\" target=\"_blank\" rel=\"noreferrer noopener\">integrierter Ansatz<\/a>) auf der Grundlage von drei voneinander abh\u00e4ngigen S\u00e4ulen: Sicherheit und Entwicklung, Kommunikation und Perspektivenentwicklung. Unser besonderer Schwerpunkt liegt auf der Inklusion. Neben der Arbeit mit jungen Menschen konzentrieren wir uns auf die Arbeit mit und f\u00fcr Frauen, um die <a href=\"https:\/\/www.bmz.de\/en\/issues\/feminist-development-policy#anc=Was:~:text=Details-,Feminist%20development%20policy%20%E2%80%93%20what%20is%20it%20all%20about%3F,-27%20SEPTEMBER%202022\">Gleichstellung der Geschlechter zu f\u00f6rdern<\/a>.<\/p>\n\n<figure class=\"wp-block-embed is-type-video is-provider-youtube wp-block-embed-youtube wp-embed-aspect-16-9 wp-has-aspect-ratio\"><div class=\"wp-block-embed__wrapper\">\n<iframe hcb-fetch-image-from=\"https:\/\/youtu.be\/GKvd9tJ4Wkc\" title=\"WEST AFRICA AS AN ARENA OF GEOPOLITICAL CONFLICTS | Common Effort Conference June 2023 | Berlin\" width=\"500\" height=\"281\" src=\"https:\/\/www.youtube.com\/embed\/GKvd9tJ4Wkc?feature=oembed\" frameborder=\"0\" allow=\"accelerometer; autoplay; clipboard-write; encrypted-media; gyroscope; picture-in-picture; web-share\" referrerpolicy=\"strict-origin-when-cross-origin\" allowfullscreen><\/iframe>\n<\/div><figcaption class=\"wp-element-caption\">WESTAFRIKA ALS SCHAUPLATZ GEOPOLITISCHER KONFLIKTE | Common Effort Konferenz Juni 2023 | Berlin<\/figcaption><\/figure>\n\n<h2 class=\"wp-block-heading\"><strong>Empirische Datenerhebung und internationale Zusammenarbeit<\/strong><\/h2>\n\n<p>NAMA4PD (Narrative Management for Peace through Dialogue) nutzt seine internationale Vernetzung, indem es lokales Fachwissen mit globalen Best Practices verbindet. Seine Innovationskraft liegt in der Kombination bestehender Ans\u00e4tze: Aufbau und Pflege eines vertrauensw\u00fcrdigen Netzwerks wichtiger Akteure aus verschiedenen Sektoren, Einrichtung eines Systems zur Sammlung und Verbreitung vertrauensw\u00fcrdiger Informationen unter lokaler Eigenverantwortung und enge Zusammenarbeit mit internationalen Partnern zur St\u00e4rkung der Widerstandsf\u00e4higkeit gegen destabilisierende Bestrebungen. <\/p>\n\n<p>Um eine effektive Umsetzung zu gew\u00e4hrleisten, beginnt die Initiative mit einer gr\u00fcndlichen empirischen Datenerhebung und -analyse. Dieser Prozess soll zu einem besseren Verst\u00e4ndnis der lokalen Kommunikationsnetzwerke, Einflussstrukturen und Informationsfl\u00fcsse beitragen und wichtige Erkenntnisse liefern, um das Projekt an den regionalen Kontext anzupassen. <\/p>\n\n<p>Die Zusammenarbeit zwischen europ\u00e4ischen und lokalen Experten bildet das R\u00fcckgrat von NAMA4PD. Die Initiative umfasst Ma\u00dfnahmen zum Kapazit\u00e4tsaufbau wie Schulungsworkshops, ein Train-the-Trainer-Programm und Aufkl\u00e4rungsarbeit in den Gemeinden. Die lokale Eigenverantwortung wird durch die Entwicklung eines robusten Informationssystems gest\u00e4rkt, das von lokalen Akteuren verwaltet wird. Diese internationale und lokale Partnerschaft st\u00e4rkt die Widerstandsf\u00e4higkeit der Gemeinden gegen\u00fcber Fake News, Hassreden und Propaganda und synchronisiert gleichzeitig die Bem\u00fchungen der Akteure im Bereich Friedensf\u00f6rderung und Entwicklung \u00fcber Grenzen hinweg.   <\/p>\n<div class=\"wp-block-image \">\n<figure class=\"aligncenter\"><img decoding=\"async\" src=\"https:\/\/prolightafrica.org\/wp-content\/uploads\/narrative-management-by-pla_ed.jpg\" alt=\"Konzept von #NAMA4PD\" class=\"wp-image-277\"\/><\/figure>\n<\/div>\n<h2 class=\"wp-block-heading\"><strong>Kommunikation als zentraler Pfeiler<\/strong><\/h2>\n\n<p>Eine der wichtigsten Erkenntnisse aus den Sondierungsarbeiten in westafrikanischen L\u00e4ndern ist, dass Kommunikation eine zentrale S\u00e4ule des NAMA4PD-Konzepts bildet. Ein tiefgreifendes Verst\u00e4ndnis der lokalen Kommunikationsstrukturen und des Informationsflusses ist entscheidend f\u00fcr die F\u00f6rderung des Dialogs und der Stabilit\u00e4t, insbesondere in Regionen, in denen staatliche Institutionen schwach oder fragmentiert sind. <\/p>\n\n<p>In den letzten Jahren hat Westafrika mehrere destabilisierende Ereignisse erlebt, darunter Milit\u00e4rputsche, das Aufkommen anti-europ\u00e4ischer Stimmungen und die Verbreitung jihadistischer Propaganda. Diese Themen dominieren die Berichterstattung in den Medien und spiegeln einen allgemeinen Trend zunehmender Instabilit\u00e4t wider. Durch die Konzentration auf Kommunikation versucht NAMA4PD, diesen destabilisierenden Kr\u00e4ften entgegenzuwirken, indem es den Dialog, die Informationskompetenz und vernetzte Ans\u00e4tze zur Friedenskonsolidierung f\u00f6rdert.  <\/p>\n\n<p>Die internationale Vernetzung von NAMA4PD ist von entscheidender Bedeutung, um sicherzustellen, dass diese Herausforderungen durch einen koordinierten Ansatz unter Einbeziehung mehrerer Interessengruppen angegangen werden, der die St\u00e4rken lokaler Erkenntnisse und internationaler Expertise vereint.<\/p>\n","protected":false},"excerpt":{"rendered":"<p>Hohe Konnektivit\u00e4t Das Konzept ist gut skalierbar auf die Reformpartnerl\u00e4nder der deutschen Entwicklungszusammenarbeit in Afrika und auf afrikanische L\u00e4nder, die von Destabilisierung durch Desinformation und den hybriden Kontext bedroht sind. Dar\u00fcber hinaus bietet NAMA4PD eine hohe Anschlussf\u00e4higkeit im globalen Kontext. VEOs nutzen die Anf\u00e4lligkeit der L\u00e4nder f\u00fcr den Klimawandel, die stockende sozio\u00f6konomische Entwicklung, die hohe [&hellip;]<\/p>\n","protected":false},"author":2,"featured_media":2495,"parent":2917,"menu_order":0,"comment_status":"closed","ping_status":"closed","template":"","meta":{"_seopress_robots_primary_cat":"","_seopress_titles_title":"NAMA4PD: Strategien gegen Fake News und Radikalisierung","_seopress_titles_desc":"NAMA4PD kombiniert lokales Know-how mit globalen L\u00f6sungen zur Bek\u00e4mpfung von Desinformation, Hassreden und hybriden Konflikten in Afrika. Erfahren Sie, wie erz\u00e4hlerische ... ","_seopress_robots_index":"","iawp_total_views":6,"footnotes":""},"class_list":["post-3480","page","type-page","status-publish","has-post-thumbnail"],"_links":{"self":[{"href":"https:\/\/prolightafrica.org\/de\/wp-json\/wp\/v2\/pages\/3480","targetHints":{"allow":["GET"]}}],"collection":[{"href":"https:\/\/prolightafrica.org\/de\/wp-json\/wp\/v2\/pages"}],"about":[{"href":"https:\/\/prolightafrica.org\/de\/wp-json\/wp\/v2\/types\/page"}],"author":[{"embeddable":true,"href":"https:\/\/prolightafrica.org\/de\/wp-json\/wp\/v2\/users\/2"}],"replies":[{"embeddable":true,"href":"https:\/\/prolightafrica.org\/de\/wp-json\/wp\/v2\/comments?post=3480"}],"version-history":[{"count":4,"href":"https:\/\/prolightafrica.org\/de\/wp-json\/wp\/v2\/pages\/3480\/revisions"}],"predecessor-version":[{"id":4119,"href":"https:\/\/prolightafrica.org\/de\/wp-json\/wp\/v2\/pages\/3480\/revisions\/4119"}],"up":[{"embeddable":true,"href":"https:\/\/prolightafrica.org\/de\/wp-json\/wp\/v2\/pages\/2917"}],"wp:featuredmedia":[{"embeddable":true,"href":"https:\/\/prolightafrica.org\/de\/wp-json\/wp\/v2\/media\/2495"}],"wp:attachment":[{"href":"https:\/\/prolightafrica.org\/de\/wp-json\/wp\/v2\/media?parent=3480"}],"curies":[{"name":"wp","href":"https:\/\/api.w.org\/{rel}","templated":true}]}}