{"id":2917,"date":"2024-07-19T08:02:57","date_gmt":"2024-07-19T06:02:57","guid":{"rendered":"https:\/\/prolightafrica.org\/narrative-management\/"},"modified":"2026-02-15T12:25:58","modified_gmt":"2026-02-15T11:25:58","slug":"narrative-management","status":"publish","type":"page","link":"https:\/\/prolightafrica.org\/de\/narrative-management\/","title":{"rendered":"Narrative Management"},"content":{"rendered":"","protected":false},"excerpt":{"rendered":"<p><!-- Built With Bricks --><\/p>\n","protected":false},"author":1,"featured_media":2495,"parent":0,"menu_order":0,"comment_status":"closed","ping_status":"closed","template":"","meta":{"_seopress_robots_primary_cat":"","_seopress_titles_title":"Narrative Management f\u00fcr Frieden durch Dialog","_seopress_titles_desc":"Erfahren Sie mehr \u00fcber den Ansatz von NAMA4PD zum Narrative Management f\u00fcr die F\u00f6rderung des Friedens und zur St\u00e4rkung der sozialen Kommunikation, um Desinformation in gef\u00e4hrdeten Regionen entgegenzuwirken.","_seopress_robots_index":"","iawp_total_views":51,"footnotes":""},"class_list":["post-2917","page","type-page","status-publish","has-post-thumbnail"],"_links":{"self":[{"href":"https:\/\/prolightafrica.org\/de\/wp-json\/wp\/v2\/pages\/2917","targetHints":{"allow":["GET"]}}],"collection":[{"href":"https:\/\/prolightafrica.org\/de\/wp-json\/wp\/v2\/pages"}],"about":[{"href":"https:\/\/prolightafrica.org\/de\/wp-json\/wp\/v2\/types\/page"}],"author":[{"embeddable":true,"href":"https:\/\/prolightafrica.org\/de\/wp-json\/wp\/v2\/users\/1"}],"replies":[{"embeddable":true,"href":"https:\/\/prolightafrica.org\/de\/wp-json\/wp\/v2\/comments?post=2917"}],"version-history":[{"count":2,"href":"https:\/\/prolightafrica.org\/de\/wp-json\/wp\/v2\/pages\/2917\/revisions"}],"predecessor-version":[{"id":3349,"href":"https:\/\/prolightafrica.org\/de\/wp-json\/wp\/v2\/pages\/2917\/revisions\/3349"}],"wp:featuredmedia":[{"embeddable":true,"href":"https:\/\/prolightafrica.org\/de\/wp-json\/wp\/v2\/media\/2495"}],"wp:attachment":[{"href":"https:\/\/prolightafrica.org\/de\/wp-json\/wp\/v2\/media?parent=2917"}],"curies":[{"name":"wp","href":"https:\/\/api.w.org\/{rel}","templated":true}]}}