{"id":2010,"date":"2022-07-03T22:25:00","date_gmt":"2022-07-03T20:25:00","guid":{"rendered":"https:\/\/prolightafrica.org\/mitmachen-spenden\/"},"modified":"2026-02-15T12:36:25","modified_gmt":"2026-02-15T11:36:25","slug":"mitmachen-spenden","status":"publish","type":"page","link":"https:\/\/prolightafrica.org\/de\/mitmachen-spenden\/","title":{"rendered":"Teilnehmen  Spenden"},"content":{"rendered":"","protected":false},"excerpt":{"rendered":"","protected":false},"author":1,"featured_media":863,"parent":0,"menu_order":0,"comment_status":"closed","ping_status":"closed","template":"","meta":{"_seopress_robots_primary_cat":"","_seopress_titles_title":"Beteiligen Sie sich und unterst\u00fctzen Sie Project Lighthouse Africa e.V. gleich jetzt","_seopress_titles_desc":"Leisten Sie einen j\u00e4hrlichen Beitrag zur Unterst\u00fctzung von Project Lighthouse Africa. Machen Sie mit und bewirken Sie etwas Bleibendes. Machen Sie jetzt mit, es dauert nur eine Minute!  ","_seopress_robots_index":"","iawp_total_views":10,"footnotes":""},"class_list":["post-2010","page","type-page","status-publish","has-post-thumbnail"],"_links":{"self":[{"href":"https:\/\/prolightafrica.org\/de\/wp-json\/wp\/v2\/pages\/2010","targetHints":{"allow":["GET"]}}],"collection":[{"href":"https:\/\/prolightafrica.org\/de\/wp-json\/wp\/v2\/pages"}],"about":[{"href":"https:\/\/prolightafrica.org\/de\/wp-json\/wp\/v2\/types\/page"}],"author":[{"embeddable":true,"href":"https:\/\/prolightafrica.org\/de\/wp-json\/wp\/v2\/users\/1"}],"replies":[{"embeddable":true,"href":"https:\/\/prolightafrica.org\/de\/wp-json\/wp\/v2\/comments?post=2010"}],"version-history":[{"count":2,"href":"https:\/\/prolightafrica.org\/de\/wp-json\/wp\/v2\/pages\/2010\/revisions"}],"predecessor-version":[{"id":2922,"href":"https:\/\/prolightafrica.org\/de\/wp-json\/wp\/v2\/pages\/2010\/revisions\/2922"}],"wp:featuredmedia":[{"embeddable":true,"href":"https:\/\/prolightafrica.org\/de\/wp-json\/"}],"wp:attachment":[{"href":"https:\/\/prolightafrica.org\/de\/wp-json\/wp\/v2\/media?parent=2010"}],"curies":[{"name":"wp","href":"https:\/\/api.w.org\/{rel}","templated":true}]}}