{"id":1742,"date":"2024-07-19T20:22:08","date_gmt":"2024-07-19T18:22:08","guid":{"rendered":"https:\/\/prolightafrica.org\/impressum\/"},"modified":"2024-11-21T09:44:35","modified_gmt":"2024-11-21T08:44:35","slug":"impressum","status":"publish","type":"page","link":"https:\/\/prolightafrica.org\/de\/impressum\/","title":{"rendered":"Impressum"},"content":{"rendered":"\n<p>Angaben nach \u00a7 5 TMG<\/p>\n\n<p>Projekt Leuchtturm Afrika e.V.<br\/>Leonhardtstr. 7<br\/>14057 Berlin, Deutschland<br\/>Vereinsregister: VR 39314<br\/>Registergericht: Amtsgericht Charlottenburg<\/p>\n\n<p><strong>Vertreten durch:<\/strong><br\/>Matthias Duchscherer<\/p>\n\n<h3 class=\"wp-block-heading\">Kontakt<\/h3>\n\n<p>Telefon: +49 (0) 171 471 0839<br\/>E-Mail: contact@prolightafrica.org<\/p>\n\n<h3 class=\"wp-block-heading\">Verbraucherstreitbeilegung\/Universelle Schlichtungsstelle<\/h3>\n\n<p>Wir sind nicht bereit oder verpflichtet, an einem Streitbeilegungsverfahren vor einer Verbraucherschlichtungsstelle teilzunehmen.<\/p>\n\n<h3 class=\"wp-block-heading\">Copyright-Hinweis<\/h3>\n\n<p>Alle Inhalte dieser Website, insbesondere Texte, Fotos und Grafiken, sind urheberrechtlich gesch\u00fctzt. Das Copyright liegt bei Project Lighthouse Africa e.V., sofern nicht ausdr\u00fccklich anders angegeben. Bitte fragen Sie uns, wenn Sie die Inhalte dieser Website nutzen m\u00f6chten.<\/p>\n\n<p>Wer das Urheberrecht verletzt (z.B. Bilder oder Texte unerlaubt kopiert), macht sich nach \u00a7\u00a7 106 ff UrhG strafbar, wird au\u00dferdem kostenpflichtig abgemahnt und muss Schadensersatz leisten (\u00a7 97 UrhG).<\/p>\n\n<p><strong>\u00a9 Bilder von Dario Krakowski<\/strong><\/p>\n","protected":false},"excerpt":{"rendered":"<p>Angaben nach \u00a7 5 TMG Projekt Leuchtturm Afrika e.V.Leonhardtstr. 714057 Berlin, DeutschlandVereinsregister: VR 39314Registergericht: Amtsgericht Charlottenburg Vertreten durch:Matthias Duchscherer Kontakt Telefon: +49 (0) 171 471 0839E-Mail: contact@prolightafrica.org Verbraucherstreitbeilegung\/Universelle Schlichtungsstelle Wir sind nicht bereit oder verpflichtet, an einem Streitbeilegungsverfahren vor einer Verbraucherschlichtungsstelle teilzunehmen. Copyright-Hinweis Alle Inhalte dieser Website, insbesondere Texte, Fotos und Grafiken, sind urheberrechtlich gesch\u00fctzt. [&hellip;]<\/p>\n","protected":false},"author":1,"featured_media":0,"parent":0,"menu_order":0,"comment_status":"closed","ping_status":"closed","template":"","meta":{"_seopress_robots_primary_cat":"","_seopress_titles_title":"","_seopress_titles_desc":"","_seopress_robots_index":"","iawp_total_views":46,"footnotes":""},"class_list":["post-1742","page","type-page","status-publish"],"_links":{"self":[{"href":"https:\/\/prolightafrica.org\/de\/wp-json\/wp\/v2\/pages\/1742","targetHints":{"allow":["GET"]}}],"collection":[{"href":"https:\/\/prolightafrica.org\/de\/wp-json\/wp\/v2\/pages"}],"about":[{"href":"https:\/\/prolightafrica.org\/de\/wp-json\/wp\/v2\/types\/page"}],"author":[{"embeddable":true,"href":"https:\/\/prolightafrica.org\/de\/wp-json\/wp\/v2\/users\/1"}],"replies":[{"embeddable":true,"href":"https:\/\/prolightafrica.org\/de\/wp-json\/wp\/v2\/comments?post=1742"}],"version-history":[{"count":4,"href":"https:\/\/prolightafrica.org\/de\/wp-json\/wp\/v2\/pages\/1742\/revisions"}],"predecessor-version":[{"id":3629,"href":"https:\/\/prolightafrica.org\/de\/wp-json\/wp\/v2\/pages\/1742\/revisions\/3629"}],"wp:attachment":[{"href":"https:\/\/prolightafrica.org\/de\/wp-json\/wp\/v2\/media?parent=1742"}],"curies":[{"name":"wp","href":"https:\/\/api.w.org\/{rel}","templated":true}]}}