{"id":1740,"date":"2024-07-18T09:13:45","date_gmt":"2024-07-18T07:13:45","guid":{"rendered":"https:\/\/prolightafrica.org\/startseite\/"},"modified":"2026-03-24T12:42:54","modified_gmt":"2026-03-24T11:42:54","slug":"startseite","status":"publish","type":"page","link":"https:\/\/prolightafrica.org\/de\/","title":{"rendered":"Startseite"},"content":{"rendered":"","protected":false},"excerpt":{"rendered":"","protected":false},"author":1,"featured_media":2497,"parent":0,"menu_order":0,"comment_status":"closed","ping_status":"closed","template":"","meta":{"_seopress_robots_primary_cat":"","_seopress_titles_title":"Project Lighthouse Africa: Gemeinschaften bef\u00e4higen, Widerstandsf\u00e4higkeit aufbauen","_seopress_titles_desc":"Project Lighthouse Africa f\u00f6rdert die nachhaltige Entwicklung und Stabilit\u00e4t in afrikanischen Gemeinden durch integrierte Ans\u00e4tze. Erfahren Sie mehr! ","_seopress_robots_index":"","iawp_total_views":123,"footnotes":""},"class_list":["post-1740","page","type-page","status-publish","has-post-thumbnail"],"_links":{"self":[{"href":"https:\/\/prolightafrica.org\/de\/wp-json\/wp\/v2\/pages\/1740","targetHints":{"allow":["GET"]}}],"collection":[{"href":"https:\/\/prolightafrica.org\/de\/wp-json\/wp\/v2\/pages"}],"about":[{"href":"https:\/\/prolightafrica.org\/de\/wp-json\/wp\/v2\/types\/page"}],"author":[{"embeddable":true,"href":"https:\/\/prolightafrica.org\/de\/wp-json\/wp\/v2\/users\/1"}],"replies":[{"embeddable":true,"href":"https:\/\/prolightafrica.org\/de\/wp-json\/wp\/v2\/comments?post=1740"}],"version-history":[{"count":1,"href":"https:\/\/prolightafrica.org\/de\/wp-json\/wp\/v2\/pages\/1740\/revisions"}],"predecessor-version":[{"id":2423,"href":"https:\/\/prolightafrica.org\/de\/wp-json\/wp\/v2\/pages\/1740\/revisions\/2423"}],"wp:featuredmedia":[{"embeddable":true,"href":"https:\/\/prolightafrica.org\/de\/wp-json\/wp\/v2\/media\/2497"}],"wp:attachment":[{"href":"https:\/\/prolightafrica.org\/de\/wp-json\/wp\/v2\/media?parent=1740"}],"curies":[{"name":"wp","href":"https:\/\/api.w.org\/{rel}","templated":true}]}}